{"id":69,"date":"2015-10-07T17:11:55","date_gmt":"2015-10-07T17:11:55","guid":{"rendered":"http:\/\/broker.commercegurus.com\/?page_id=69"},"modified":"2017-01-19T17:21:39","modified_gmt":"2017-01-19T17:21:39","slug":"despre-noi","status":"publish","type":"page","link":"https:\/\/icia.ro\/en\/despre-noi\/","title":{"rendered":"About us"},"content":{"rendered":"<section class=\"wpb-content-wrapper\"><p>[vc_row type=&#8221;container&#8221; padding_top=&#8221;&#8221; padding_bottom=&#8221;&#8221; css=&#8221;.vc_custom_1451761032806{padding-top: 50px !important;}&#8221;][vc_column width=&#8221;1\/2&#8243; css=&#8221;.vc_custom_1449147431196{margin-bottom: 35px !important;}&#8221;][vc_column_text css=&#8221;.vc_custom_1484641864330{padding-right: 10px !important;}&#8221;]<\/p>\n<h3 id=\"tw-target-text\" class=\"tw-data-text tw-ta tw-text-medium\" dir=\"ltr\" data-placeholder=\"Traducere\"><span lang=\"en\">We started with a simple idea.<\/span><\/h3>\n<p>INCDO-INOE 2000, Research Institute for Analytical Instrumentation, ICIA Susidiary,\u00a0has as main activity objectives: the research, design and development of analytical laboratory instruments, as well as the elaboration of analytical methods for a wide range of samples. Along with the development of the Institute and following the expertise requests in various fields, these preoccupations have extended towards environmental, health, clean technologies and technological modernizations programs.<\/p>\n<p>The Institute has a remarkable endowment that corresponds with the multidisciplinary character of research, design and execution specific to its working teams. The Institute has several research laboratories in chemistry, analytical chemistry, spectroscopy as well as design, mechanic and electronic execution workshops. This structure allows the tackling of a project from research stage up to prototype elaboration stage.[\/vc_column_text][\/vc_column][vc_column width=&#8221;1\/2&#8243; css=&#8221;.vc_custom_1451760818909{padding-top: 14px !important;}&#8221;][vc_single_image image=&#8221;71628&#8243; img_size=&#8221;full&#8221;][vc_row_inner css=&#8221;.vc_custom_1449574756848{margin-bottom: 0px !important;}&#8221;][vc_column_inner width=&#8221;1\/2&#8243;][vc_single_image image=&#8221;71629&#8243; img_size=&#8221;full&#8221;][\/vc_column_inner][vc_column_inner width=&#8221;1\/2&#8243; css=&#8221;.vc_custom_1449574764907{margin-bottom: 35px !important;}&#8221;][vc_single_image image=&#8221;71630&#8243; img_size=&#8221;full&#8221;][\/vc_column_inner][\/vc_row_inner][\/vc_column][\/vc_row][vc_row type=&#8221;full_page_width_inner_container&#8221; padding_top=&#8221;&#8221; padding_bottom=&#8221;&#8221; css=&#8221;.vc_custom_1483014747220{margin-bottom: 0px !important;padding-top: 20px !important;padding-bottom: 20px !important;background-color: #97cc6f !important;}&#8221;][vc_column width=&#8221;1\/6&#8243;][\/vc_column][vc_column width=&#8221;2\/3&#8243;][vc_column_text]<\/p>\n<h3 style=\"text-align: center;\"><span class=\"quote\">\u201c<\/span>Our passion is in making, our expertise is in engineering. From startups to Fortune 500s, we consult on product testing and design for mass production.<span class=\"quote\">\u201d<\/span><\/h3>\n<p>[\/vc_column_text][\/vc_column][vc_column width=&#8221;1\/6&#8243;][\/vc_column][\/vc_row][vc_row type=&#8221;full_page_width_inner_container&#8221; padding_top=&#8221;&#8221; padding_bottom=&#8221;&#8221; css=&#8221;.vc_custom_1451775961000{padding-top: 40px !important;padding-bottom: 20px !important;background-image: url(http:\/\/factory.commercegurus.com\/wp-content\/uploads\/2015\/10\/building_roof_bg.jpg?id=70835) !important;background-position: center !important;background-repeat: no-repeat !important;background-size: cover !important;}&#8221;][vc_column css=&#8221;.vc_custom_1445098522820{margin-bottom: 35px !important;}&#8221;][vc_row_inner css=&#8221;.vc_custom_1451761217059{margin-bottom: -5px !important;}&#8221;][vc_column_inner css=&#8221;.vc_custom_1451761129434{margin-bottom: 0px !important;}&#8221;][vc_column_text]<\/p>\n<h3 style=\"text-align: center;\"><span style=\"color: #ffffff;\">Linkuri utile<\/span><\/h3>\n<p>[\/vc_column_text][\/vc_column_inner][\/vc_row_inner][vc_row_inner][vc_column_inner width=&#8221;1\/4&#8243; css=&#8221;.vc_custom_1451775570510{margin-bottom: 0px !important;}&#8221;][vc_single_image image=&#8221;71099&#8243; img_size=&#8221;full&#8221; alignment=&#8221;center&#8221;][vc_column_text css=&#8221;.vc_custom_1483014233048{margin-bottom: 20px !important;}&#8221;]<\/p>\n<h4><\/h4>\n<h6 style=\"margin-top: -10px; margin-bottom: 12px; text-align: center;\"><span style=\"color: #ffffff;\"><a style=\"color: #ffffff;\" href=\"http:\/\/www.centi.ro\/\">Centru de Transfer Tehnologic CENTI &#8211; ICIA Cluj Napoca<\/a><\/span><\/h6>\n<h6><\/h6>\n<p>[\/vc_column_text][\/vc_column_inner][vc_column_inner width=&#8221;1\/4&#8243; css=&#8221;.vc_custom_1451775579815{margin-bottom: 0px !important;}&#8221;][vc_single_image image=&#8221;71096&#8243; img_size=&#8221;full&#8221; alignment=&#8221;center&#8221;][vc_column_text css=&#8221;.vc_custom_1483014388693{margin-bottom: 20px !important;}&#8221;]<\/p>\n<h4><\/h4>\n<h6 style=\"margin-top: -10px; margin-bottom: 12px; text-align: center;\"><span style=\"color: #ffffff;\"><a style=\"color: #ffffff;\" href=\"http:\/\/www.inoe.ro\/\">Institutul Na\u0163ional de Cercetare-Dezvoltare pentru Optoelectronic\u00e3 -INOE 2000 Bucure\u015fti<\/a><\/span><\/h6>\n<h6><\/h6>\n<p>[\/vc_column_text][\/vc_column_inner][vc_column_inner width=&#8221;1\/4&#8243; css=&#8221;.vc_custom_1451775587297{margin-bottom: 0px !important;}&#8221;][vc_single_image image=&#8221;71142&#8243; img_size=&#8221;full&#8221; alignment=&#8221;center&#8221;][vc_column_text css=&#8221;.vc_custom_1483014484334{margin-bottom: 20px !important;}&#8221;]<\/p>\n<h4><\/h4>\n<h6 style=\"margin-top: -10px; margin-bottom: 12px; text-align: center;\"><span style=\"color: #ffffff;\"><a style=\"color: #ffffff;\" href=\"http:\/\/ihp.ro\/\">Institutul de Cercetari pentru Hidraulica si Pneumatica &#8211; IHP Bucuresti<\/a><\/span><\/h6>\n<h6><span style=\"color: #ffffff;\">\u00a0<\/span><\/h6>\n<p>[\/vc_column_text][\/vc_column_inner][vc_column_inner width=&#8221;1\/4&#8243; css=&#8221;.vc_custom_1451775595000{margin-bottom: 0px !important;}&#8221;][vc_single_image image=&#8221;71102&#8243; img_size=&#8221;full&#8221; alignment=&#8221;center&#8221;][vc_column_text css=&#8221;.vc_custom_1483014568280{margin-bottom: 20px !important;}&#8221;]<\/p>\n<h4><\/h4>\n<h6 style=\"margin-top: -10px; margin-bottom: 12px; text-align: center;\"><span style=\"color: #ffffff;\"><a style=\"color: #ffffff;\" href=\"http:\/\/newwww.research.ro\/\">Autoritatea Nationala pentru Cercetare Stiintifica- ANCS<\/a><\/span><\/h6>\n<h6><span style=\"color: #ffffff;\">\u00a0<\/span><\/h6>\n<p>[\/vc_column_text][\/vc_column_inner][\/vc_row_inner][\/vc_column][\/vc_row]<\/p>\n<\/section>","protected":false},"excerpt":{"rendered":"<p>[vc_row type=&#8221;container&#8221; padding_top=&#8221;&#8221; padding_bottom=&#8221;&#8221; css=&#8221;.vc_custom_1451761032806{padding-top: 50px !important;}&#8221;][vc_column width=&#8221;1\/2&#8243; css=&#8221;.vc_custom_1449147431196{margin-bottom: 35px !important;}&#8221;][vc_column_text css=&#8221;.vc_custom_1484641864330{padding-right: 10px !important;}&#8221;] We started with a simple idea. INCDO-INOE 2000, Research Institute for Analytical Instrumentation, ICIA Susidiary,\u00a0has as main activity objectives: the research, design and development of analytical laboratory instruments, as well as the elaboration of analytical methods for a wide range of [&hellip;]<\/p>\n","protected":false},"author":1,"featured_media":70780,"parent":0,"menu_order":0,"comment_status":"closed","ping_status":"closed","template":"page-full-width.php","meta":[],"acf":[],"yoast_head":"<!-- This site is optimized with the Yoast SEO plugin v20.9 - https:\/\/yoast.com\/wordpress\/plugins\/seo\/ -->\n<title>About us - INCDO INOE 2000 ICIA<\/title>\n<meta name=\"description\" content=\"We work on the cusp of innovation and technology to take products from an idea all the way to the end consumer.\" \/>\n<meta name=\"robots\" content=\"index, follow, max-snippet:-1, max-image-preview:large, max-video-preview:-1\" \/>\n<link rel=\"canonical\" href=\"https:\/\/icia.ro\/en\/despre-noi\/\" \/>\n<meta property=\"og:locale\" content=\"en_US\" \/>\n<meta property=\"og:type\" content=\"article\" \/>\n<meta property=\"og:title\" content=\"About us - INCDO INOE 2000 ICIA\" \/>\n<meta property=\"og:description\" content=\"We work on the cusp of innovation and technology to take products from an idea all the way to the end consumer.\" \/>\n<meta property=\"og:url\" content=\"https:\/\/icia.ro\/en\/despre-noi\/\" \/>\n<meta property=\"og:site_name\" content=\"INCDO INOE 2000 ICIA\" \/>\n<meta property=\"article:modified_time\" content=\"2017-01-19T17:21:39+00:00\" \/>\n<meta name=\"twitter:card\" content=\"summary_large_image\" \/>\n<meta name=\"twitter:label1\" content=\"Est. reading time\" \/>\n\t<meta name=\"twitter:data1\" content=\"6 minutes\" \/>\n<script type=\"application\/ld+json\" class=\"yoast-schema-graph\">{\"@context\":\"https:\/\/schema.org\",\"@graph\":[{\"@type\":\"WebPage\",\"@id\":\"https:\/\/icia.ro\/en\/despre-noi\/\",\"url\":\"https:\/\/icia.ro\/en\/despre-noi\/\",\"name\":\"About us - INCDO INOE 2000 ICIA\",\"isPartOf\":{\"@id\":\"https:\/\/icia.ro\/#website\"},\"datePublished\":\"2015-10-07T17:11:55+00:00\",\"dateModified\":\"2017-01-19T17:21:39+00:00\",\"description\":\"We work on the cusp of innovation and technology to take products from an idea all the way to the end consumer.\",\"breadcrumb\":{\"@id\":\"https:\/\/icia.ro\/en\/despre-noi\/#breadcrumb\"},\"inLanguage\":\"en-US\",\"potentialAction\":[{\"@type\":\"ReadAction\",\"target\":[\"https:\/\/icia.ro\/en\/despre-noi\/\"]}]},{\"@type\":\"BreadcrumbList\",\"@id\":\"https:\/\/icia.ro\/en\/despre-noi\/#breadcrumb\",\"itemListElement\":[{\"@type\":\"ListItem\",\"position\":1,\"name\":\"Acas\u0103\",\"item\":\"https:\/\/icia.ro\/\"},{\"@type\":\"ListItem\",\"position\":2,\"name\":\"About us\"}]},{\"@type\":\"WebSite\",\"@id\":\"https:\/\/icia.ro\/#website\",\"url\":\"https:\/\/icia.ro\/\",\"name\":\"INCDO INOE 2000 ICIA\",\"description\":\"Institutul de Cercetari pentru Instrumentatie Analitica\",\"potentialAction\":[{\"@type\":\"SearchAction\",\"target\":{\"@type\":\"EntryPoint\",\"urlTemplate\":\"https:\/\/icia.ro\/?s={search_term_string}\"},\"query-input\":\"required name=search_term_string\"}],\"inLanguage\":\"en-US\"}]}<\/script>\n<!-- \/ Yoast SEO plugin. -->","yoast_head_json":{"title":"About us - INCDO INOE 2000 ICIA","description":"We work on the cusp of innovation and technology to take products from an idea all the way to the end consumer.","robots":{"index":"index","follow":"follow","max-snippet":"max-snippet:-1","max-image-preview":"max-image-preview:large","max-video-preview":"max-video-preview:-1"},"canonical":"https:\/\/icia.ro\/en\/despre-noi\/","og_locale":"en_US","og_type":"article","og_title":"About us - INCDO INOE 2000 ICIA","og_description":"We work on the cusp of innovation and technology to take products from an idea all the way to the end consumer.","og_url":"https:\/\/icia.ro\/en\/despre-noi\/","og_site_name":"INCDO INOE 2000 ICIA","article_modified_time":"2017-01-19T17:21:39+00:00","twitter_card":"summary_large_image","twitter_misc":{"Est. reading time":"6 minutes"},"schema":{"@context":"https:\/\/schema.org","@graph":[{"@type":"WebPage","@id":"https:\/\/icia.ro\/en\/despre-noi\/","url":"https:\/\/icia.ro\/en\/despre-noi\/","name":"About us - INCDO INOE 2000 ICIA","isPartOf":{"@id":"https:\/\/icia.ro\/#website"},"datePublished":"2015-10-07T17:11:55+00:00","dateModified":"2017-01-19T17:21:39+00:00","description":"We work on the cusp of innovation and technology to take products from an idea all the way to the end consumer.","breadcrumb":{"@id":"https:\/\/icia.ro\/en\/despre-noi\/#breadcrumb"},"inLanguage":"en-US","potentialAction":[{"@type":"ReadAction","target":["https:\/\/icia.ro\/en\/despre-noi\/"]}]},{"@type":"BreadcrumbList","@id":"https:\/\/icia.ro\/en\/despre-noi\/#breadcrumb","itemListElement":[{"@type":"ListItem","position":1,"name":"Acas\u0103","item":"https:\/\/icia.ro\/"},{"@type":"ListItem","position":2,"name":"About us"}]},{"@type":"WebSite","@id":"https:\/\/icia.ro\/#website","url":"https:\/\/icia.ro\/","name":"INCDO INOE 2000 ICIA","description":"Institutul de Cercetari pentru Instrumentatie Analitica","potentialAction":[{"@type":"SearchAction","target":{"@type":"EntryPoint","urlTemplate":"https:\/\/icia.ro\/?s={search_term_string}"},"query-input":"required name=search_term_string"}],"inLanguage":"en-US"}]}},"_links":{"self":[{"href":"https:\/\/icia.ro\/en\/wp-json\/wp\/v2\/pages\/69"}],"collection":[{"href":"https:\/\/icia.ro\/en\/wp-json\/wp\/v2\/pages"}],"about":[{"href":"https:\/\/icia.ro\/en\/wp-json\/wp\/v2\/types\/page"}],"author":[{"embeddable":true,"href":"https:\/\/icia.ro\/en\/wp-json\/wp\/v2\/users\/1"}],"replies":[{"embeddable":true,"href":"https:\/\/icia.ro\/en\/wp-json\/wp\/v2\/comments?post=69"}],"version-history":[{"count":22,"href":"https:\/\/icia.ro\/en\/wp-json\/wp\/v2\/pages\/69\/revisions"}],"predecessor-version":[{"id":71891,"href":"https:\/\/icia.ro\/en\/wp-json\/wp\/v2\/pages\/69\/revisions\/71891"}],"wp:featuredmedia":[{"embeddable":true,"href":"https:\/\/icia.ro\/en\/wp-json\/"}],"wp:attachment":[{"href":"https:\/\/icia.ro\/en\/wp-json\/wp\/v2\/media?parent=69"}],"curies":[{"name":"wp","href":"https:\/\/api.w.org\/{rel}","templated":true}]}}