{"id":71036,"date":"2016-12-29T09:39:46","date_gmt":"2016-12-29T09:39:46","guid":{"rendered":"http:\/\/icia.ro\/?page_id=71036"},"modified":"2025-10-15T09:53:58","modified_gmt":"2025-10-15T06:53:58","slug":"management-conducerea","status":"publish","type":"page","link":"https:\/\/icia.ro\/en\/despre-noi\/management-conducerea\/","title":{"rendered":"Management"},"content":{"rendered":"<section class=\"wpb-content-wrapper\"><p>[vc_row type=&#8221;container&#8221;][vc_column][vc_column_text]<strong>Manager<br \/>\nDr. Marin \u0218enil\u0103<\/strong><br \/>\n0264-420590<br \/>\nE-mail: <a href=\"mailto:mircea.chintoanu@icia.ro\">marin.senila@icia.ro<br \/>\n<\/a><\/p>\n<p><strong>Financial department<\/strong><br \/>\n<strong>Ec. Bianca B\u00e2lc<\/strong><br \/>\nEmail: bianca.b\u00e2lc@icia.ro<\/p>\n<p><strong>Research-Development-Innovation<br \/>\nDr. ing. Cecilia Roman<\/strong><br \/>\n0264-420590, 0755-038705<br \/>\nE-mail: <a href=\"mailto:cecilia.roman@icia.ro\">cecilia.roman@icia.ro<\/a><\/p>\n<p><strong>CENTI<br \/>\nDr. ing. Ancu\u021ba Ivan<br \/>\n0264-420590<br \/>\nE-mail: <a href=\"mailto:centi@icia.ro\">ancuta.ivan@icia.ro<\/a><br \/>\n<\/strong><\/p>\n<p><strong>LAM<br \/>\nDr. Dorina Simedru<\/strong><br \/>\n0264-420590,0755-038707<br \/>\nE-mail: <a href=\"mailto:dorina.simedru@icia.ro\">dorina.simedru@icia.ro<\/a>[\/vc_column_text][\/vc_column][\/vc_row]<\/p>\n<\/section>","protected":false},"excerpt":{"rendered":"<p>[vc_row type=&#8221;container&#8221;][vc_column][vc_column_text]Manager Dr. Marin \u0218enil\u0103 0264-420590 E-mail: marin.senila@icia.ro Financial department Ec. Bianca B\u00e2lc Email: bianca.b\u00e2lc@icia.ro Research-Development-Innovation Dr. ing. Cecilia Roman 0264-420590, 0755-038705 E-mail: cecilia.roman@icia.ro CENTI Dr. ing. Ancu\u021ba Ivan 0264-420590 E-mail: ancuta.ivan@icia.ro LAM Dr. Dorina Simedru 0264-420590,0755-038707 E-mail: dorina.simedru@icia.ro[\/vc_column_text][\/vc_column][\/vc_row]<\/p>\n","protected":false},"author":1,"featured_media":0,"parent":69,"menu_order":0,"comment_status":"closed","ping_status":"closed","template":"page-full-width.php","meta":[],"acf":[],"yoast_head":"<!-- This site is optimized with the Yoast SEO plugin v20.9 - https:\/\/yoast.com\/wordpress\/plugins\/seo\/ -->\n<title>Management - INCDO INOE 2000 ICIA<\/title>\n<meta name=\"robots\" content=\"index, follow, max-snippet:-1, max-image-preview:large, max-video-preview:-1\" \/>\n<link rel=\"canonical\" href=\"https:\/\/icia.ro\/despre-noi\/management-conducerea\/\" \/>\n<meta property=\"og:locale\" content=\"en_US\" \/>\n<meta property=\"og:type\" content=\"article\" \/>\n<meta property=\"og:title\" content=\"Management - INCDO INOE 2000 ICIA\" \/>\n<meta property=\"og:description\" content=\"[vc_row type=&#8221;container&#8221;][vc_column][vc_column_text]Manager Dr. Marin \u0218enil\u0103 0264-420590 E-mail: marin.senila@icia.ro Financial department Ec. Bianca B\u00e2lc Email: bianca.b\u00e2lc@icia.ro Research-Development-Innovation Dr. ing. Cecilia Roman 0264-420590, 0755-038705 E-mail: cecilia.roman@icia.ro CENTI Dr. ing. Ancu\u021ba Ivan 0264-420590 E-mail: ancuta.ivan@icia.ro LAM Dr. Dorina Simedru 0264-420590,0755-038707 E-mail: dorina.simedru@icia.ro[\/vc_column_text][\/vc_column][\/vc_row]\" \/>\n<meta property=\"og:url\" content=\"https:\/\/icia.ro\/despre-noi\/management-conducerea\/\" \/>\n<meta property=\"og:site_name\" content=\"INCDO INOE 2000 ICIA\" \/>\n<meta property=\"article:modified_time\" content=\"2025-10-15T06:53:58+00:00\" \/>\n<meta name=\"twitter:card\" content=\"summary_large_image\" \/>\n<meta name=\"twitter:label1\" content=\"Est. reading time\" \/>\n\t<meta name=\"twitter:data1\" content=\"1 minute\" \/>\n<script type=\"application\/ld+json\" class=\"yoast-schema-graph\">{\"@context\":\"https:\/\/schema.org\",\"@graph\":[{\"@type\":\"WebPage\",\"@id\":\"https:\/\/icia.ro\/despre-noi\/management-conducerea\/\",\"url\":\"https:\/\/icia.ro\/despre-noi\/management-conducerea\/\",\"name\":\"Management - INCDO INOE 2000 ICIA\",\"isPartOf\":{\"@id\":\"https:\/\/icia.ro\/#website\"},\"datePublished\":\"2016-12-29T09:39:46+00:00\",\"dateModified\":\"2025-10-15T06:53:58+00:00\",\"breadcrumb\":{\"@id\":\"https:\/\/icia.ro\/despre-noi\/management-conducerea\/#breadcrumb\"},\"inLanguage\":\"en-US\",\"potentialAction\":[{\"@type\":\"ReadAction\",\"target\":[\"https:\/\/icia.ro\/despre-noi\/management-conducerea\/\"]}]},{\"@type\":\"BreadcrumbList\",\"@id\":\"https:\/\/icia.ro\/despre-noi\/management-conducerea\/#breadcrumb\",\"itemListElement\":[{\"@type\":\"ListItem\",\"position\":1,\"name\":\"Acas\u0103\",\"item\":\"https:\/\/icia.ro\/\"},{\"@type\":\"ListItem\",\"position\":2,\"name\":\"About us\",\"item\":\"https:\/\/icia.ro\/en\/despre-noi\/\"},{\"@type\":\"ListItem\",\"position\":3,\"name\":\"Management\"}]},{\"@type\":\"WebSite\",\"@id\":\"https:\/\/icia.ro\/#website\",\"url\":\"https:\/\/icia.ro\/\",\"name\":\"INCDO INOE 2000 ICIA\",\"description\":\"Institutul de Cercetari pentru Instrumentatie Analitica\",\"potentialAction\":[{\"@type\":\"SearchAction\",\"target\":{\"@type\":\"EntryPoint\",\"urlTemplate\":\"https:\/\/icia.ro\/?s={search_term_string}\"},\"query-input\":\"required name=search_term_string\"}],\"inLanguage\":\"en-US\"}]}<\/script>\n<!-- \/ Yoast SEO plugin. -->","yoast_head_json":{"title":"Management - INCDO INOE 2000 ICIA","robots":{"index":"index","follow":"follow","max-snippet":"max-snippet:-1","max-image-preview":"max-image-preview:large","max-video-preview":"max-video-preview:-1"},"canonical":"https:\/\/icia.ro\/despre-noi\/management-conducerea\/","og_locale":"en_US","og_type":"article","og_title":"Management - INCDO INOE 2000 ICIA","og_description":"[vc_row type=&#8221;container&#8221;][vc_column][vc_column_text]Manager Dr. Marin \u0218enil\u0103 0264-420590 E-mail: marin.senila@icia.ro Financial department Ec. Bianca B\u00e2lc Email: bianca.b\u00e2lc@icia.ro Research-Development-Innovation Dr. ing. Cecilia Roman 0264-420590, 0755-038705 E-mail: cecilia.roman@icia.ro CENTI Dr. ing. Ancu\u021ba Ivan 0264-420590 E-mail: ancuta.ivan@icia.ro LAM Dr. Dorina Simedru 0264-420590,0755-038707 E-mail: dorina.simedru@icia.ro[\/vc_column_text][\/vc_column][\/vc_row]","og_url":"https:\/\/icia.ro\/despre-noi\/management-conducerea\/","og_site_name":"INCDO INOE 2000 ICIA","article_modified_time":"2025-10-15T06:53:58+00:00","twitter_card":"summary_large_image","twitter_misc":{"Est. reading time":"1 minute"},"schema":{"@context":"https:\/\/schema.org","@graph":[{"@type":"WebPage","@id":"https:\/\/icia.ro\/despre-noi\/management-conducerea\/","url":"https:\/\/icia.ro\/despre-noi\/management-conducerea\/","name":"Management - INCDO INOE 2000 ICIA","isPartOf":{"@id":"https:\/\/icia.ro\/#website"},"datePublished":"2016-12-29T09:39:46+00:00","dateModified":"2025-10-15T06:53:58+00:00","breadcrumb":{"@id":"https:\/\/icia.ro\/despre-noi\/management-conducerea\/#breadcrumb"},"inLanguage":"en-US","potentialAction":[{"@type":"ReadAction","target":["https:\/\/icia.ro\/despre-noi\/management-conducerea\/"]}]},{"@type":"BreadcrumbList","@id":"https:\/\/icia.ro\/despre-noi\/management-conducerea\/#breadcrumb","itemListElement":[{"@type":"ListItem","position":1,"name":"Acas\u0103","item":"https:\/\/icia.ro\/"},{"@type":"ListItem","position":2,"name":"About us","item":"https:\/\/icia.ro\/en\/despre-noi\/"},{"@type":"ListItem","position":3,"name":"Management"}]},{"@type":"WebSite","@id":"https:\/\/icia.ro\/#website","url":"https:\/\/icia.ro\/","name":"INCDO INOE 2000 ICIA","description":"Institutul de Cercetari pentru Instrumentatie Analitica","potentialAction":[{"@type":"SearchAction","target":{"@type":"EntryPoint","urlTemplate":"https:\/\/icia.ro\/?s={search_term_string}"},"query-input":"required name=search_term_string"}],"inLanguage":"en-US"}]}},"_links":{"self":[{"href":"https:\/\/icia.ro\/en\/wp-json\/wp\/v2\/pages\/71036"}],"collection":[{"href":"https:\/\/icia.ro\/en\/wp-json\/wp\/v2\/pages"}],"about":[{"href":"https:\/\/icia.ro\/en\/wp-json\/wp\/v2\/types\/page"}],"author":[{"embeddable":true,"href":"https:\/\/icia.ro\/en\/wp-json\/wp\/v2\/users\/1"}],"replies":[{"embeddable":true,"href":"https:\/\/icia.ro\/en\/wp-json\/wp\/v2\/comments?post=71036"}],"version-history":[{"count":18,"href":"https:\/\/icia.ro\/en\/wp-json\/wp\/v2\/pages\/71036\/revisions"}],"predecessor-version":[{"id":73086,"href":"https:\/\/icia.ro\/en\/wp-json\/wp\/v2\/pages\/71036\/revisions\/73086"}],"up":[{"embeddable":true,"href":"https:\/\/icia.ro\/en\/wp-json\/wp\/v2\/pages\/69"}],"wp:attachment":[{"href":"https:\/\/icia.ro\/en\/wp-json\/wp\/v2\/media?parent=71036"}],"curies":[{"name":"wp","href":"https:\/\/api.w.org\/{rel}","templated":true}]}}