{"id":71882,"date":"2017-01-19T12:45:30","date_gmt":"2017-01-19T12:45:30","guid":{"rendered":"http:\/\/icia.ro\/?page_id=71882"},"modified":"2025-10-31T09:56:23","modified_gmt":"2025-10-31T07:56:23","slug":"icia-team","status":"publish","type":"page","link":"https:\/\/icia.ro\/en\/icia-team\/","title":{"rendered":"ICIA Team"},"content":{"rendered":"<p><\/p>\n<h2>Research-Development-Innovation Department<\/h2>\n\n<table id=\"tablepress-1-no-2\" class=\"tablepress tablepress-id-1\">\n<thead>\n<tr class=\"row-1\">\n\t<th class=\"column-1\">Nume<\/th><th class=\"column-2\">Prenume<\/th><th class=\"column-3\">Grad \u0219tiin\u021bific<\/th><th class=\"column-4\">Grad \u0219tiin\u021bific echivalat<\/th><th class=\"column-5\">UEF-ID (Brainmap)<\/th><td class=\"column-6\"><\/td>\n<\/tr>\n<\/thead>\n<tbody class=\"row-striping row-hover\">\n<tr class=\"row-2\">\n\t<td class=\"column-1\">Angyus<\/td><td class=\"column-2\">Simion-Bogdan<\/td><td class=\"column-3\">Cercet\u0103tor \u0218tiin\u021bific (CS)<\/td><td class=\"column-4\">Cercet\u0103tor Debutant (R1)<\/td><td class=\"column-5\">U-1900-061T-8582<\/td><td class=\"column-6\"><a href=\"https:\/\/icia.ro\/wp-content\/uploads\/2025\/10\/CV_AngyusBogdan.pdf\" rel=\"noopener\" target=\"_blank\">CV<\/a><\/td>\n<\/tr>\n<tr class=\"row-3\">\n\t<td class=\"column-1\">Babalau-Fuss<\/td><td class=\"column-2\">Vanda<\/td><td class=\"column-3\">Cercet\u0103tor \u0218tiin\u021bific III (CS III)<\/td><td class=\"column-4\">Cercet\u0103tor Recunoscut (R2)<\/td><td class=\"column-5\">U-1800-054A-4395<\/td><td class=\"column-6\"><a href=\"https:\/\/icia.ro\/wp-content\/uploads\/2025\/10\/CV_VandaFuss.pdf\" rel=\"noopener\" target=\"_blank\">CV<\/a><\/td>\n<\/tr>\n<tr class=\"row-4\">\n\t<td class=\"column-1\">Becze<\/td><td class=\"column-2\">Anca<\/td><td class=\"column-3\">Cercet\u0103tor \u0218tiin\u021bific I (CS I)<\/td><td class=\"column-4\">Cercet\u0103tor Principal (R4)<\/td><td class=\"column-5\">U-1700-039Z-3249<\/td><td class=\"column-6\"><a href=\"https:\/\/icia.ro\/wp-content\/uploads\/2025\/10\/CV_BeczeAnca.pdf\" rel=\"noopener\" target=\"_blank\">CV<\/a><\/td>\n<\/tr>\n<tr class=\"row-5\">\n\t<td class=\"column-1\">Blaga<\/td><td class=\"column-2\">Tudor<\/td><td class=\"column-3\">Asistent Cercetare \u0218tiin\u021bific\u0103 (ACS)<\/td><td class=\"column-4\">Asistent Cercetare \u0218tiin\u021bific\u0103 (ACS)<\/td><td class=\"column-5\">U-2300-069Q-7260<\/td><td class=\"column-6\"><a href=\"https:\/\/icia.ro\/wp-content\/uploads\/2025\/10\/CV_BlagaTudor.pdf\" rel=\"noopener\" target=\"_blank\">CV<\/a><\/td>\n<\/tr>\n<tr class=\"row-6\">\n\t<td class=\"column-1\">Budisan<\/td><td class=\"column-2\">Radu Bogdan<\/td><td class=\"column-3\">Tehnician II<\/td><td class=\"column-4\">Tehnician Senior (TS)<\/td><td class=\"column-5\"><\/td><td class=\"column-6\"><\/td>\n<\/tr>\n<tr class=\"row-7\">\n\t<td class=\"column-1\">Cadar<\/td><td class=\"column-2\">Oana<\/td><td class=\"column-3\">Cercet\u0103tor \u0218tiin\u021bific I (CS I)<\/td><td class=\"column-4\">Cercet\u0103tor Principal (R4)<\/td><td class=\"column-5\">U-1700-038A-2029<\/td><td class=\"column-6\"><a href=\"https:\/\/icia.ro\/wp-content\/uploads\/2025\/10\/CV_CadarOana.pdf\" rel=\"noopener\" target=\"_blank\">CV<\/a><\/td>\n<\/tr>\n<tr class=\"row-8\">\n\t<td class=\"column-1\">Chintoanu<\/td><td class=\"column-2\">Mircea<\/td><td class=\"column-3\">Cercet\u0103tor \u0218tiin\u021bific I (CS I)<\/td><td class=\"column-4\">Cercet\u0103tor Principal (R4)<\/td><td class=\"column-5\">U-1700-038G-2020<\/td><td class=\"column-6\"><a href=\"https:\/\/icia.ro\/wp-content\/uploads\/2025\/11\/CV_ChintoanuMircea.pdf\" rel=\"noopener\" target=\"_blank\">CV<\/a><\/td>\n<\/tr>\n<tr class=\"row-9\">\n\t<td class=\"column-1\">Costiug<\/td><td class=\"column-2\">Simona<\/td><td class=\"column-3\">IDT III<\/td><td class=\"column-4\">IDT III<\/td><td class=\"column-5\">U-1700-038A-8101<\/td><td class=\"column-6\"><a href=\"https:\/\/icia.ro\/wp-content\/uploads\/2025\/11\/CV_CostiugSimona.pdf\" rel=\"noopener\" target=\"_blank\">CV<\/a><\/td>\n<\/tr>\n<tr class=\"row-10\">\n\t<td class=\"column-1\">Da Silva Pereira<\/td><td class=\"column-2\">Paulo Alexandre<\/td><td class=\"column-3\">Cercet\u0103tor \u0218tiin\u021bific I (CS I)<\/td><td class=\"column-4\">Cercet\u0103tor Principal (R4)<\/td><td class=\"column-5\"><\/td><td class=\"column-6\"><a href=\"https:\/\/icia.ro\/wp-content\/uploads\/2025\/11\/CV_PereiraPaolo.pdf\" rel=\"noopener\" target=\"_blank\">CV<\/a><\/td>\n<\/tr>\n<tr class=\"row-11\">\n\t<td class=\"column-1\">Dordai<\/td><td class=\"column-2\">Lucian<\/td><td class=\"column-3\">Cercet\u0103tor \u0218tiin\u021bific II (CS II)<\/td><td class=\"column-4\">Cercet\u0103tor Consacrat (R3)<\/td><td class=\"column-5\">U-1700-038K-5842<\/td><td class=\"column-6\"><a href=\"https:\/\/icia.ro\/wp-content\/uploads\/2025\/10\/CV_DordaiLucian.pdf\" rel=\"noopener\" target=\"_blank\">CV<\/a><\/td>\n<\/tr>\n<tr class=\"row-12\">\n\t<td class=\"column-1\">Frentiu<\/td><td class=\"column-2\">Maria<\/td><td class=\"column-3\">Cercet\u0103tor \u0218tiin\u021bific (CS)<\/td><td class=\"column-4\">Cercet\u0103tor Debutant (R1)<\/td><td class=\"column-5\">U-1700-034N-0968<\/td><td class=\"column-6\"><a href=\"https:\/\/icia.ro\/wp-content\/uploads\/2025\/10\/CV_FrentiuMaria.pdf\" rel=\"noopener\" target=\"_blank\">CV<\/a><\/td>\n<\/tr>\n<tr class=\"row-13\">\n\t<td class=\"column-1\">Ghita<\/td><td class=\"column-2\">Adrian<\/td><td class=\"column-3\">Cercet\u0103tor \u0218tiin\u021bific III (CS III)<\/td><td class=\"column-4\">Cercet\u0103tor Recunoscut (R2)<\/td><td class=\"column-5\">U-1700-027D-4086<\/td><td class=\"column-6\"><a href=\"https:\/\/icia.ro\/wp-content\/uploads\/2025\/11\/CV_GhitaAdrian.pdf\" rel=\"noopener\" target=\"_blank\">CV<\/a><\/td>\n<\/tr>\n<tr class=\"row-14\">\n\t<td class=\"column-1\">Incze<\/td><td class=\"column-2\">Ana-Maria<\/td><td class=\"column-3\">Cercet\u0103tor \u0218tiin\u021bific III (CS III)<\/td><td class=\"column-4\">Cercet\u0103tor Recunoscut (R2)<\/td><td class=\"column-5\">U-1800-046F-6415<\/td><td class=\"column-6\"><a href=\"https:\/\/icia.ro\/wp-content\/uploads\/2025\/10\/CV_InczeAnamaria.pdf\" rel=\"noopener\" target=\"_blank\">CV<\/a><\/td>\n<\/tr>\n<tr class=\"row-15\">\n\t<td class=\"column-1\">Kovacs<\/td><td class=\"column-2\">Dalma<\/td><td class=\"column-3\">Cercet\u0103tor \u0218tiin\u021bific II (CS II)<\/td><td class=\"column-4\">Cercet\u0103tor Consacrat (R3)<\/td><td class=\"column-5\">U-1700-039H-4251<\/td><td class=\"column-6\"><a href=\"https:\/\/icia.ro\/wp-content\/uploads\/2025\/10\/CV_KovacsDalma.pdf\" rel=\"noopener\" target=\"_blank\">CV<\/a><\/td>\n<\/tr>\n<tr class=\"row-16\">\n\t<td class=\"column-1\">Kovacs<\/td><td class=\"column-2\">Eniko<\/td><td class=\"column-3\">Cercet\u0103tor \u0218tiin\u021bific (CS)<\/td><td class=\"column-4\">Cercet\u0103tor Debutant (R1)<\/td><td class=\"column-5\">U-1800-060J-5236<\/td><td class=\"column-6\"><a href=\"https:\/\/icia.ro\/wp-content\/uploads\/2025\/10\/CV_KovacsEniko.pdf\" rel=\"noopener\" target=\"_blank\">CV<\/a><\/td>\n<\/tr>\n<tr class=\"row-17\">\n\t<td class=\"column-1\">Kovacs<\/td><td class=\"column-2\">Melinda<\/td><td class=\"column-3\">Cercet\u0103tor \u0218tiin\u021bific I (CS I)<\/td><td class=\"column-4\">Cercet\u0103tor Principal (R4)<\/td><td class=\"column-5\">U-1700-039V-2475<\/td><td class=\"column-6\"><a href=\"https:\/\/icia.ro\/wp-content\/uploads\/2025\/10\/CV_KovacsMelinda.pdf\" rel=\"noopener\" target=\"_blank\">CV<\/a><\/td>\n<\/tr>\n<tr class=\"row-18\">\n\t<td class=\"column-1\">Lakatos<\/td><td class=\"column-2\">Timea<\/td><td class=\"column-3\">Asistent Cercetare \u0218tiin\u021bific\u0103 (ACS)<\/td><td class=\"column-4\">Asistent Cercetare \u0218tiin\u021bific\u0103 (ACS)<\/td><td class=\"column-5\">U-2400-070T-4064<\/td><td class=\"column-6\"><a href=\"https:\/\/icia.ro\/wp-content\/uploads\/2025\/11\/CV_LakatosTimea.pdf\" rel=\"noopener\" target=\"_blank\">CV<\/a><\/td>\n<\/tr>\n<tr class=\"row-19\">\n\t<td class=\"column-1\">Levei<\/td><td class=\"column-2\">Erika<\/td><td class=\"column-3\">Cercet\u0103tor \u0218tiin\u021bific I (CS I)<\/td><td class=\"column-4\">Cercet\u0103tor Principal (R4)<\/td><td class=\"column-5\">U-1700-038M-2032<\/td><td class=\"column-6\"><a href=\"https:\/\/icia.ro\/wp-content\/uploads\/2025\/10\/CV_LeveiErika.pdf\" rel=\"noopener\" target=\"_blank\">CV<\/a><\/td>\n<\/tr>\n<tr class=\"row-20\">\n\t<td class=\"column-1\">Levei<\/td><td class=\"column-2\">Levente<\/td><td class=\"column-3\">Cercet\u0103tor \u0218tiin\u021bific III (CS III)<\/td><td class=\"column-4\">Cercet\u0103tor Recunoscut (R2)<\/td><td class=\"column-5\">U-1700-039Q-8328<\/td><td class=\"column-6\"><a href=\"https:\/\/icia.ro\/wp-content\/uploads\/2025\/10\/CV_LeveiLevente.pdf\" rel=\"noopener\" target=\"_blank\">CV<\/a><\/td>\n<\/tr>\n<tr class=\"row-21\">\n\t<td class=\"column-1\">Llanos Lizcano<\/td><td class=\"column-2\">Rodolfo<\/td><td class=\"column-3\">Asistent Cercetare \u0218tiin\u021bific\u0103 (ACS)<\/td><td class=\"column-4\">Asistent Cercetare \u0218tiin\u021bific\u0103 (ACS)<\/td><td class=\"column-5\"><\/td><td class=\"column-6\"><a href=\"https:\/\/icia.ro\/wp-content\/uploads\/2025\/11\/CV_LlanosRodolfo.pdf\" rel=\"noopener\" target=\"_blank\">CV<\/a><\/td>\n<\/tr>\n<tr class=\"row-22\">\n\t<td class=\"column-1\">Moldovan<\/td><td class=\"column-2\">Ana-Maria<\/td><td class=\"column-3\">Cercet\u0103tor \u0218tiin\u021bific III (CS III)<\/td><td class=\"column-4\">Cercet\u0103tor Recunoscut (R2)<\/td><td class=\"column-5\">U-1800-047R-4573<\/td><td class=\"column-6\"><a href=\"https:\/\/icia.ro\/wp-content\/uploads\/2025\/10\/CV_MoldovanAna.pdf\" rel=\"noopener\" target=\"_blank\">CV<\/a><\/td>\n<\/tr>\n<tr class=\"row-23\">\n\t<td class=\"column-1\">Neag<\/td><td class=\"column-2\">Emilia<\/td><td class=\"column-3\">Cercet\u0103tor \u0218tiin\u021bific I (CS I)<\/td><td class=\"column-4\">Cercet\u0103tor Principal (R4)<\/td><td class=\"column-5\">U-1700-039E-3930<\/td><td class=\"column-6\"><a href=\"https:\/\/icia.ro\/wp-content\/uploads\/2025\/10\/CV_NeagEmilia.pdf\" rel=\"noopener\" target=\"_blank\">CV<\/a><\/td>\n<\/tr>\n<tr class=\"row-24\">\n\t<td class=\"column-1\">Raposo Inacio<\/td><td class=\"column-2\">Miguel Angelo<\/td><td class=\"column-3\">Cercet\u0103tor \u0218tiin\u021bific III (CS III)<\/td><td class=\"column-4\">Cercet\u0103tor Recunoscut (R2)<\/td><td class=\"column-5\"><\/td><td class=\"column-6\"><a href=\"https:\/\/icia.ro\/wp-content\/uploads\/2025\/11\/CV_InacioMiguel.pdf\" rel=\"noopener\" target=\"_blank\">CV<\/a><\/td>\n<\/tr>\n<tr class=\"row-25\">\n\t<td class=\"column-1\">Roman<\/td><td class=\"column-2\">Cecilia<\/td><td class=\"column-3\">Cercet\u0103tor \u0218tiin\u021bific I (CS I)<\/td><td class=\"column-4\">Cercet\u0103tor Principal (R4)<\/td><td class=\"column-5\">U-1700-038N-2023<\/td><td class=\"column-6\"><a href=\"https:\/\/icia.ro\/wp-content\/uploads\/2024\/11\/CV_RomanCecilia.pdf\" rel=\"noopener\" target=\"_blank\">CV<\/a><\/td>\n<\/tr>\n<tr class=\"row-26\">\n\t<td class=\"column-1\">Roman<\/td><td class=\"column-2\">Marius<\/td><td class=\"column-3\">Cercet\u0103tor \u0218tiin\u021bific I (CS I)<\/td><td class=\"column-4\">Cercet\u0103tor Principal (R4)<\/td><td class=\"column-5\">U-1700-038W-4885<\/td><td class=\"column-6\"><a href=\"https:\/\/icia.ro\/wp-content\/uploads\/2025\/10\/CV_RomanMarius.pdf\" rel=\"noopener\" target=\"_blank\">CV<\/a><\/td>\n<\/tr>\n<tr class=\"row-27\">\n\t<td class=\"column-1\">Rus<\/td><td class=\"column-2\">Cosmin<\/td><td class=\"column-3\">Tehnician Stagiar<\/td><td class=\"column-4\">Tehnician Debutant (TD)<\/td><td class=\"column-5\"><\/td><td class=\"column-6\"><\/td>\n<\/tr>\n<tr class=\"row-28\">\n\t<td class=\"column-1\">Scurtu<\/td><td class=\"column-2\">Daniela<\/td><td class=\"column-3\">Cercet\u0103tor \u0218tiin\u021bific III (CS III)<\/td><td class=\"column-4\">Cercet\u0103tor Recunoscut (R2)<\/td><td class=\"column-5\">U-1900-061G-8579<\/td><td class=\"column-6\"><a href=\"https:\/\/icia.ro\/wp-content\/uploads\/2025\/10\/CV_ScurtuDaniela.pdf\" rel=\"noopener\" target=\"_blank\">CV<\/a><\/td>\n<\/tr>\n<tr class=\"row-29\">\n\t<td class=\"column-1\">\u0218enil\u0103<\/td><td class=\"column-2\">L\u0103crimioara<\/td><td class=\"column-3\">Cercet\u0103tor \u0218tiin\u021bific I (CS I)<\/td><td class=\"column-4\">Cercet\u0103tor Principal (R4)<\/td><td class=\"column-5\">U-1700-036Z-4656<\/td><td class=\"column-6\"><a href=\"https:\/\/icia.ro\/wp-content\/uploads\/2025\/10\/CV_SenilaLacramioara.pdf\" rel=\"noopener\" target=\"_blank\">CV<\/a><\/td>\n<\/tr>\n<tr class=\"row-30\">\n\t<td class=\"column-1\">\u0218enil\u0103<\/td><td class=\"column-2\">Marin<\/td><td class=\"column-3\">Cercet\u0103tor \u0218tiin\u021bific I (CS I)<\/td><td class=\"column-4\">Cercet\u0103tor Principal (R4)<\/td><td class=\"column-5\">U-1700-038M-1741<\/td><td class=\"column-6\"><a href=\"https:\/\/icia.ro\/wp-content\/uploads\/2025\/10\/CV_SenilaMarin.pdf\" rel=\"noopener\" target=\"_blank\">CV<\/a><\/td>\n<\/tr>\n<tr class=\"row-31\">\n\t<td class=\"column-1\">Simedru<\/td><td class=\"column-2\">Dorina<\/td><td class=\"column-3\">Cercet\u0103tor \u0218tiin\u021bific I (CS I)<\/td><td class=\"column-4\">Cercet\u0103tor Principal (R4)<\/td><td class=\"column-5\">U-1700-039L-1770<\/td><td class=\"column-6\"><a href=\"https:\/\/icia.ro\/wp-content\/uploads\/2025\/10\/CV_SimedruDorina.pdf\" rel=\"noopener\" target=\"_blank\">CV<\/a><\/td>\n<\/tr>\n<tr class=\"row-32\">\n\t<td class=\"column-1\">Socaciu<\/td><td class=\"column-2\">Bianca Nicoleta<\/td><td class=\"column-3\">Asistent Cercetare \u0218tiin\u021bific\u0103 (ACS)<\/td><td class=\"column-4\">Asistent Cercetare \u0218tiin\u021bific\u0103 (ACS)<\/td><td class=\"column-5\"><\/td><td class=\"column-6\"><a href=\"https:\/\/icia.ro\/wp-content\/uploads\/2025\/10\/CV_SocaciuBianca.pdf\" rel=\"noopener\" target=\"_blank\">CV<\/a><\/td>\n<\/tr>\n<tr class=\"row-33\">\n\t<td class=\"column-1\">Stupar<\/td><td class=\"column-2\">Zamfira<\/td><td class=\"column-3\">Cercet\u0103tor \u0218tiin\u021bific III (CS III)<\/td><td class=\"column-4\">Cercet\u0103tor Recunoscut (R2)<\/td><td class=\"column-5\">U-1900-061Y-8594<\/td><td class=\"column-6\"><a href=\"https:\/\/icia.ro\/wp-content\/uploads\/2025\/10\/CV_StuparZamfira.pdf\" rel=\"noopener\" target=\"_blank\">CV<\/a><\/td>\n<\/tr>\n<tr class=\"row-34\">\n\t<td class=\"column-1\">T\u0103n\u0103selia<\/td><td class=\"column-2\">Claudiu<\/td><td class=\"column-3\">Cercet\u0103tor \u0218tiin\u021bific I (CS I)<\/td><td class=\"column-4\">Cercet\u0103tor Principal (R4)<\/td><td class=\"column-5\">U-1700-038T-1744<\/td><td class=\"column-6\"><a href=\"https:\/\/icia.ro\/wp-content\/uploads\/2026\/03\/CV_Tanaselia.pdf\" rel=\"noopener\" target=\"_blank\">CV<\/a><\/td>\n<\/tr>\n<tr class=\"row-35\">\n\t<td class=\"column-1\">Todor-Boer<\/td><td class=\"column-2\">Otto<\/td><td class=\"column-3\">Cercet\u0103tor \u0218tiin\u021bific III (CS III)<\/td><td class=\"column-4\">Cercet\u0103tor Recunoscut (R2)<\/td><td class=\"column-5\">U-1900-061U-9407<\/td><td class=\"column-6\"><a href=\"https:\/\/icia.ro\/wp-content\/uploads\/2025\/10\/CV_TodorOtto.pdf\" rel=\"noopener\" target=\"_blank\">CV<\/a><\/td>\n<\/tr>\n<tr class=\"row-36\">\n\t<td class=\"column-1\">Torok<\/td><td class=\"column-2\">Anamaria Iulia<\/td><td class=\"column-3\">Cercet\u0103tor \u0218tiin\u021bific II (CS II)<\/td><td class=\"column-4\">Cercet\u0103tor Consacrat (R3)<\/td><td class=\"column-5\">U-1700-037R-2252<\/td><td class=\"column-6\"><a href=\"https:\/\/icia.ro\/wp-content\/uploads\/2025\/10\/CV_TorokIulia.pdf\" rel=\"noopener\" target=\"_blank\">CV<\/a><\/td>\n<\/tr>\n<tr class=\"row-37\">\n\t<td class=\"column-1\">V\u0103r\u0103ticeanu<\/td><td class=\"column-2\">Cerasel<\/td><td class=\"column-3\">IDT III<\/td><td class=\"column-4\">IDT III<\/td><td class=\"column-5\">U-1700-039Q-6084<\/td><td class=\"column-6\"><a href=\"https:\/\/icia.ro\/wp-content\/uploads\/2025\/11\/CV_VaraticeanuCerasel.pdf\" rel=\"noopener\" target=\"_blank\">CV<\/a><\/td>\n<\/tr>\n<\/tbody>\n<\/table>\n\n<h2>Technological Transfer Center CENTI<\/h2>\n\n<table id=\"tablepress-2-no-2\" class=\"tablepress tablepress-id-2\">\n<thead>\n<tr class=\"row-1\">\n\t<th class=\"column-1\">Nume<\/th><th class=\"column-2\">Prenume<\/th><td class=\"column-3\"><\/td>\n<\/tr>\n<\/thead>\n<tbody class=\"row-striping row-hover\">\n<tr class=\"row-2\">\n\t<td class=\"column-1\">Andrie\u0219<\/td><td class=\"column-2\">Daniela<\/td><td class=\"column-3\">Asistent Cercetare \u0218tiin\u021bific\u0103<\/td>\n<\/tr>\n<tr class=\"row-3\">\n\t<td class=\"column-1\">B\u0103lg\u0103r\u0103dean<\/td><td class=\"column-2\">Cristina<\/td><td class=\"column-3\">Asistent Cercetare \u0218iin\u021bific\u0103<\/td>\n<\/tr>\n<tr class=\"row-4\">\n\t<td class=\"column-1\">Co\u021biu<\/td><td class=\"column-2\">M\u0103d\u0103lina<\/td><td class=\"column-3\">Cercet\u0103tor \u0218iin\u021bific III (Cercet\u0103tor Recunoscut R2)<\/td>\n<\/tr>\n<tr class=\"row-5\">\n\t<td class=\"column-1\">Ivan<\/td><td class=\"column-2\">Ancu\u021ba<\/td><td class=\"column-3\">Director interimar CENTI<\/td>\n<\/tr>\n<\/tbody>\n<\/table>\n\n<h2>Economic and Financial Department<\/h2>\n\n<table id=\"tablepress-3-no-2\" class=\"tablepress tablepress-id-3\">\n<thead>\n<tr class=\"row-1\">\n\t<th class=\"column-1\">Nume<\/th><th class=\"column-2\">Prenume<\/th><td class=\"column-3\"><\/td>\n<\/tr>\n<\/thead>\n<tbody class=\"row-striping row-hover\">\n<tr class=\"row-2\">\n\t<td class=\"column-1\">B\u00e2lc<\/td><td class=\"column-2\">Bianca<\/td><td class=\"column-3\">Contabil \u0218ef<\/td>\n<\/tr>\n<tr class=\"row-3\">\n\t<td class=\"column-1\">Covaciu<\/td><td class=\"column-2\">Marta<\/td><td class=\"column-3\">Economist Diplomat<\/td>\n<\/tr>\n<\/tbody>\n<\/table>\n\n<h2>Administrative Department, Maintenance and Supply<\/h2>\n<p>\n<table id=\"tablepress-4-no-2\" class=\"tablepress tablepress-id-4\">\n<thead>\n<tr class=\"row-1\">\n\t<th class=\"column-1\">Nume<\/th><th class=\"column-2\">Prenume<\/th><td class=\"column-3\"><\/td>\n<\/tr>\n<\/thead>\n<tbody class=\"row-striping row-hover\">\n<tr class=\"row-2\">\n\t<td class=\"column-1\">Cadar<\/td><td class=\"column-2\">Sergiu<\/td><td class=\"column-3\">\u0218ef Compartiment Administrativ, \u00centre\u021binere, Aprovizionare<\/td>\n<\/tr>\n<tr class=\"row-3\">\n\t<td class=\"column-1\">Rus<\/td><td class=\"column-2\">Lucia<\/td><td class=\"column-3\">Economist Ciclul I<\/td>\n<\/tr>\n<tr class=\"row-4\">\n\t<td class=\"column-1\">C\u0103tina\u0219<\/td><td class=\"column-2\">Daniel<\/td><td class=\"column-3\">Tehnician Stagiar (Tehnician Debutant)<\/td>\n<\/tr>\n<tr class=\"row-5\">\n\t<td class=\"column-1\">Kallo-Iankucz<\/td><td class=\"column-2\">Eva<\/td><td class=\"column-3\">Operator Ecologic<\/td>\n<\/tr>\n<tr class=\"row-6\">\n\t<td class=\"column-1\">Gorona\u0219<\/td><td class=\"column-2\">Anamaria<\/td><td class=\"column-3\">Operator Ecologic<\/td>\n<\/tr>\n<tr class=\"row-7\">\n\t<td class=\"column-1\">Rus<\/td><td class=\"column-2\">C\u0103t\u0103lin-Ioan<\/td><td class=\"column-3\">Portar<\/td>\n<\/tr>\n<tr class=\"row-8\">\n\t<td class=\"column-1\">Ili\u0219an<\/td><td class=\"column-2\">Dorin<\/td><td class=\"column-3\">Portar<\/td>\n<\/tr>\n<tr class=\"row-9\">\n\t<td class=\"column-1\">Chiorean<\/td><td class=\"column-2\">Ioan<\/td><td class=\"column-3\">Portar<\/td>\n<\/tr>\n<\/tbody>\n<\/table>\n<\/p>","protected":false},"excerpt":{"rendered":"<p>Research-Development-Innovation Department Technological Transfer Center CENTI Economic and Financial Department Administrative Department, Maintenance and Supply<\/p>\n","protected":false},"author":1,"featured_media":0,"parent":0,"menu_order":0,"comment_status":"closed","ping_status":"closed","template":"","meta":[],"acf":[],"yoast_head":"<!-- This site is optimized with the Yoast SEO plugin v20.9 - https:\/\/yoast.com\/wordpress\/plugins\/seo\/ -->\n<title>ICIA Team - INCDO INOE 2000 ICIA<\/title>\n<meta name=\"robots\" content=\"index, follow, max-snippet:-1, max-image-preview:large, max-video-preview:-1\" \/>\n<link rel=\"canonical\" href=\"https:\/\/icia.ro\/icia-team\/\" \/>\n<meta property=\"og:locale\" content=\"en_US\" \/>\n<meta property=\"og:type\" content=\"article\" \/>\n<meta property=\"og:title\" content=\"ICIA Team - INCDO INOE 2000 ICIA\" \/>\n<meta property=\"og:description\" content=\"Research-Development-Innovation Department Technological Transfer Center CENTI Economic and Financial Department Administrative Department, Maintenance and Supply\" \/>\n<meta property=\"og:url\" content=\"https:\/\/icia.ro\/icia-team\/\" \/>\n<meta property=\"og:site_name\" content=\"INCDO INOE 2000 ICIA\" \/>\n<meta property=\"article:modified_time\" content=\"2025-10-31T07:56:23+00:00\" \/>\n<meta name=\"twitter:card\" content=\"summary_large_image\" \/>\n<meta name=\"twitter:label1\" content=\"Est. reading time\" \/>\n\t<meta name=\"twitter:data1\" content=\"1 minute\" \/>\n<script type=\"application\/ld+json\" class=\"yoast-schema-graph\">{\"@context\":\"https:\/\/schema.org\",\"@graph\":[{\"@type\":\"WebPage\",\"@id\":\"https:\/\/icia.ro\/icia-team\/\",\"url\":\"https:\/\/icia.ro\/icia-team\/\",\"name\":\"ICIA Team - INCDO INOE 2000 ICIA\",\"isPartOf\":{\"@id\":\"https:\/\/icia.ro\/#website\"},\"datePublished\":\"2017-01-19T12:45:30+00:00\",\"dateModified\":\"2025-10-31T07:56:23+00:00\",\"breadcrumb\":{\"@id\":\"https:\/\/icia.ro\/icia-team\/#breadcrumb\"},\"inLanguage\":\"en-US\",\"potentialAction\":[{\"@type\":\"ReadAction\",\"target\":[\"https:\/\/icia.ro\/icia-team\/\"]}]},{\"@type\":\"BreadcrumbList\",\"@id\":\"https:\/\/icia.ro\/icia-team\/#breadcrumb\",\"itemListElement\":[{\"@type\":\"ListItem\",\"position\":1,\"name\":\"Acas\u0103\",\"item\":\"https:\/\/icia.ro\/\"},{\"@type\":\"ListItem\",\"position\":2,\"name\":\"Echipa ICIA\"}]},{\"@type\":\"WebSite\",\"@id\":\"https:\/\/icia.ro\/#website\",\"url\":\"https:\/\/icia.ro\/\",\"name\":\"INCDO INOE 2000 ICIA\",\"description\":\"Institutul de Cercetari pentru Instrumentatie Analitica\",\"potentialAction\":[{\"@type\":\"SearchAction\",\"target\":{\"@type\":\"EntryPoint\",\"urlTemplate\":\"https:\/\/icia.ro\/?s={search_term_string}\"},\"query-input\":\"required name=search_term_string\"}],\"inLanguage\":\"en-US\"}]}<\/script>\n<!-- \/ Yoast SEO plugin. -->","yoast_head_json":{"title":"ICIA Team - INCDO INOE 2000 ICIA","robots":{"index":"index","follow":"follow","max-snippet":"max-snippet:-1","max-image-preview":"max-image-preview:large","max-video-preview":"max-video-preview:-1"},"canonical":"https:\/\/icia.ro\/icia-team\/","og_locale":"en_US","og_type":"article","og_title":"ICIA Team - INCDO INOE 2000 ICIA","og_description":"Research-Development-Innovation Department Technological Transfer Center CENTI Economic and Financial Department Administrative Department, Maintenance and Supply","og_url":"https:\/\/icia.ro\/icia-team\/","og_site_name":"INCDO INOE 2000 ICIA","article_modified_time":"2025-10-31T07:56:23+00:00","twitter_card":"summary_large_image","twitter_misc":{"Est. reading time":"1 minute"},"schema":{"@context":"https:\/\/schema.org","@graph":[{"@type":"WebPage","@id":"https:\/\/icia.ro\/icia-team\/","url":"https:\/\/icia.ro\/icia-team\/","name":"ICIA Team - INCDO INOE 2000 ICIA","isPartOf":{"@id":"https:\/\/icia.ro\/#website"},"datePublished":"2017-01-19T12:45:30+00:00","dateModified":"2025-10-31T07:56:23+00:00","breadcrumb":{"@id":"https:\/\/icia.ro\/icia-team\/#breadcrumb"},"inLanguage":"en-US","potentialAction":[{"@type":"ReadAction","target":["https:\/\/icia.ro\/icia-team\/"]}]},{"@type":"BreadcrumbList","@id":"https:\/\/icia.ro\/icia-team\/#breadcrumb","itemListElement":[{"@type":"ListItem","position":1,"name":"Acas\u0103","item":"https:\/\/icia.ro\/"},{"@type":"ListItem","position":2,"name":"Echipa ICIA"}]},{"@type":"WebSite","@id":"https:\/\/icia.ro\/#website","url":"https:\/\/icia.ro\/","name":"INCDO INOE 2000 ICIA","description":"Institutul de Cercetari pentru Instrumentatie Analitica","potentialAction":[{"@type":"SearchAction","target":{"@type":"EntryPoint","urlTemplate":"https:\/\/icia.ro\/?s={search_term_string}"},"query-input":"required name=search_term_string"}],"inLanguage":"en-US"}]}},"_links":{"self":[{"href":"https:\/\/icia.ro\/en\/wp-json\/wp\/v2\/pages\/71882"}],"collection":[{"href":"https:\/\/icia.ro\/en\/wp-json\/wp\/v2\/pages"}],"about":[{"href":"https:\/\/icia.ro\/en\/wp-json\/wp\/v2\/types\/page"}],"author":[{"embeddable":true,"href":"https:\/\/icia.ro\/en\/wp-json\/wp\/v2\/users\/1"}],"replies":[{"embeddable":true,"href":"https:\/\/icia.ro\/en\/wp-json\/wp\/v2\/comments?post=71882"}],"version-history":[{"count":10,"href":"https:\/\/icia.ro\/en\/wp-json\/wp\/v2\/pages\/71882\/revisions"}],"predecessor-version":[{"id":73142,"href":"https:\/\/icia.ro\/en\/wp-json\/wp\/v2\/pages\/71882\/revisions\/73142"}],"wp:attachment":[{"href":"https:\/\/icia.ro\/en\/wp-json\/wp\/v2\/media?parent=71882"}],"curies":[{"name":"wp","href":"https:\/\/api.w.org\/{rel}","templated":true}]}}