{"id":72393,"date":"2020-09-04T12:38:23","date_gmt":"2020-09-04T09:38:23","guid":{"rendered":"https:\/\/icia.ro\/?page_id=72393"},"modified":"2025-12-03T14:51:21","modified_gmt":"2025-12-03T12:51:21","slug":"agrifa2020","status":"publish","type":"page","link":"https:\/\/icia.ro\/en\/agrifa2020\/","title":{"rendered":"AGRIFA 2020"},"content":{"rendered":"<p>AGRIFA facilitates the sharing of ideas and results to achieve a bigger goal: a sustainable agriculture and a safety food. AGRIFA aims enriching the specialist\u2019s conversation with a transfer of ideas and solutions taking into account the participants individual experiences in overcoming obstacles and for better understanding the agriculture needs.<\/p>\n<p>To develop farming practices that increase and preserve biodiversity, work for\u00a0soil and water health, to improve food quality for people health, to apply the principles of the circular economy through the superior capitalization of agricultural wastes, remain a focus for\u00a0the future.<\/p>\n<p>AGRIFA facilitates the specialists need to communicate the necessity for better, unbiased data that farmers can use to be more efficient with inputs, policies to foster innovation and agriculture<\/p>\n<p>The specialists want to communicate the need for better, unbiased data that farmers can use to be more efficient with inputs, policies to foster innovation, for better understanding the future challenge of a sustainable food and life.<\/p>\n<p>In the frame of AGRIFA the participants have the possibility to analyze and discuss the future challenges of the agriculture and food systems by focusing on: (i) Agriculture 4.0; (ii) Viticulture; (iii) Biodiversity; (iv) Food quality and safety, and (v) Food adulteration \u2013 various aspects.<\/p>\n<h3>Organizing committee:<\/h3>\n<ul>\n<li>Cecilia Roman, <em>Head of R&amp;D Department, INCDO INOE 2000, ICIA Cluj-Napoca<\/em><\/li>\n<li>Claudiu Tanaselia<\/li>\n<li>Anca Becze<\/li>\n<li>Eniko Kovacs<\/li>\n<li>Vanda Liliana Babalau Fuss<\/li>\n<\/ul>\n<h3>Reviewers committee:<\/h3>\n<ul>\n<li>Cecilia Roman \u2013<em>Precision agriculture (PA), Circular economy, Superior recovery of agricultural wastes<\/em><\/li>\n<li>Oana Cadar \u2013<em>Nano-materials, characterization techniques, applications<\/em><\/li>\n<li>Melinda Kovacs \u2013<em>Global change, environmental pollution, ecosystem services, soil microbiodiversity, gas chromatography<\/em><\/li>\n<li>Lacrimioara Senila \u2013<em>Agriculture, Climate Change and Environment, Food and Nutrition, Bioenergy<\/em><\/li>\n<li>Anca Becze \u2013<em>Food quality and safety, nutritional value, food adulteration, Food technology <\/em><\/li>\n<li>Emilia Neag \u2013<em>Algal harvesting and biomass characterization, kinetics and thermodynamic modelling of lipid extraction from dry microalgae<\/em><\/li>\n<\/ul>\n<h3>Book of abstracts:<\/h3>\n<p>ISSN 2784-0042<br \/>\nISSN\u2013L 2784-0042<br \/>\n<a href=\"https:\/\/icia.ro\/agrifa-book-of-abstracts\/\">Available here<\/a><\/p>\n<h3>Instructions for e-posters:<\/h3>\n<p>Font type and text structure (one or two-column format) can be chosen individually. Each poster must include text in a font large enough to be read easily by attendees from a distance of 1 to 1.5 meters or more. Lettering on illustrations should be large and legible. Photographs should have a minimum size of 10 x 15 cm. Material should be displayed in a logical consequence (introduction, methods, results, conclusion).<\/p>\n<h3>Instructions for participating:<\/h3>\n<p>Conference activities will be organized online by using <a href=\"https:\/\/zoom.us\/client\/latest\/ZoomInstaller.exe\">ZOOM<\/a>.<\/p>\n<h3>Conference program:<\/h3>\n<h4><strong>Thursday, October 22<\/strong><\/h4>\n<p style=\"padding-left: 40px;\"><strong>11:00 &#8211; 11:20 Welcome note<\/strong><br \/>\nCecilia ROMAN (INOE ICIA, Romania)<\/p>\n<h4 style=\"padding-left: 40px;\"><span style=\"text-decoration: underline;\">Food quality and safety various aspects<\/span><\/h4>\n<p style=\"padding-left: 40px;\"><strong>11:20 &#8211; 11:40 <\/strong><strong>NMR foodomics application to distinguish biodynamic from organic grapes ( <em>Vitis vinifera L.<\/em>)<\/strong><br \/>\nGianfranco PICONE, Adamo Domenico ROMBOL\u00c0, Prof. Francesco CAPOZZI (Univ. Bologna, Italy)<\/p>\n<p style=\"padding-left: 40px;\"><strong>11:40 &#8211; 12:00 Rapid detection of walnut and pumpkin oil adulteration using Raman spectroscopic data and statistical modelling<\/strong><br \/>\nAnca BECZE, Dorina SIMEDRU (INOE-ICIA, Romania)<\/p>\n<p style=\"padding-left: 40px;\"><strong>11:40 &#8211; 12:00 Iodine in food and environment in Austria<\/strong><br \/>\nManfred SAGER (Bio Forschung, Austria)<\/p>\n<h4 style=\"padding-left: 40px;\"><span style=\"text-decoration: underline;\">Agriculture Viticulture Biodiversity<\/span><\/h4>\n<p style=\"padding-left: 40px;\"><strong>12:00 &#8211; 12:20 Considerations upon some aspects of the viticulture 4.0 challanges<\/strong><br \/>\nProf. Alexandru NAGHIU (USAMV Cluj-Napoca, Romania)<\/p>\n<p style=\"padding-left: 40px;\"><strong>12:20 &#8211; 12:40 Biofuels production from vineyard wastes<\/strong><br \/>\nLacrimioara SENILA (INOE-ICIA, Romania)<\/p>\n<p style=\"padding-left: 40px;\"><strong>12:40 &#8211; 13:00 Achievements and development perspectives of Fico-biotechnology<\/strong><br \/>\nLiliana CEPOI (IMB, Rep. Moldova)<\/p>\n<p style=\"padding-left: 40px;\"><strong>13:00 &#8211; 13:20 Microalgae biomass as biofertilizer in agriculture for enhancing plant growth<\/strong><br \/>\nZamfira DINC\u0102, Anamaria Iulia T\u00d6R\u00d6K, Emilia NEAG, Cecilia ROMAN (INOE-ICIA, Romania)<\/p>\n<h4><strong>Friday, October 23<\/strong>: e-Posters<\/h4>\n<h4>Food quality and safety &#8211; various aspects<\/h4>\n<ul>\n<li>Cristina Gliga, Adriana David, Giorgiana M. C\u0103tunescu , Mihai Voevod and Maria Tofan\u0103 <a href=\"https:\/\/icia.ro\/wp-content\/uploads\/2020\/10\/Poster-1.pdf\">Comparative study on physico-chemical changes during dry aging of Black Angus and Romanian spotted beef<\/a><\/li>\n<li>Socaciu M.I., Fogarasi M., Semeniuc C.A., Socaci S.A., Rotar A.M., Mure\u015fan V., Pop O.L. And Vodnar D.C. <a href=\"https:\/\/icia.ro\/wp-content\/uploads\/2020\/10\/Poster-2.pdf\">Edible Films Based on Whey Protein Isolate and Tarragon Essential Oil: Formulation and Characterisation<\/a><\/li>\n<li>Liana C. Salan\u021b\u0103, Maria Tofan\u0103, Carmen R. Pop, Sonia S. Socaci, Anamaria Pop, Teodora E. Coldea, Anca C. F\u0103rca\u0219, Melinda Fogarasi, Valentina Socaciu <a href=\"https:\/\/icia.ro\/wp-content\/uploads\/2020\/10\/Poster-3.pdf\">Potential Use of Flowers of Robinia Pseudoacacia L.<\/a><\/li>\n<li>Mornea Petrache Alina, Adela Hoble, Teodora Morar, Cristian Petrache, Camelia Scheau, Madalina Cosovanu,Emil Luca <a href=\"https:\/\/icia.ro\/wp-content\/uploads\/2020\/10\/Poster-4.pdf\">The influence of homeopathic treatment on the growth of Fragaria plants<\/a>.<\/li>\n<li>Andersina-Simina Podar, Cristina Anamaria Semeniuc, Sonia Socaci, Maria-Ioana Socaciu, Melinda Fogarasi And Anca C. F\u0103rca\u015f <a href=\"https:\/\/icia.ro\/wp-content\/uploads\/2020\/10\/Poster-5.pdf\">Coenzyme Q10: Health Benefits and Bioavailability<\/a><\/li>\n<li>Fogarasi Melinda, Socaci Sonia, Dulf Francisc, Semeniuc Cristina, Socaciu Maria,\u021aibulc\u0103 Dorin, Salagean Dan, Salanta Liana, Tofana Maria, Pop Carmen. <a href=\"https:\/\/icia.ro\/wp-content\/uploads\/2020\/10\/Poster-6.pdf\">Transylvanian Wild edible mushrooms as sources of bioactive molecules<\/a><\/li>\n<li>Tatiana Stratulat, Alexei Popa, Ana Gu\u0219an, Alexandra Hoaghia, Oana Cadar <a href=\"https:\/\/icia.ro\/wp-content\/uploads\/2020\/10\/Poster-7.pdf\">Chlorpyrifos Residue Levels in Local Crops From the Republic Of Moldova And Romania<\/a><\/li>\n<li>Becze Anca, Naghiu O. Mihai, Babalau Fuss Liliana Vanda, Cepoi Liliana, Simedru Dorina <a href=\"https:\/\/icia.ro\/wp-content\/uploads\/2020\/10\/Poster-8.pdf\">Potential of Raman analysis in the determination of milk adulteration<\/a><\/li>\n<li>Becze Anca, Babalau Fuss Liliana Vanda, Lucian Dordai <a href=\"https:\/\/icia.ro\/wp-content\/uploads\/2020\/10\/Poster-9.pdf\">Determining the efficiency of zeolite in eliminating the smell of tobacco<\/a><\/li>\n<li>Vanda B\u0103b\u0103l\u0103u Fuss, Anca Becze, Ana Moldovan, Maria Tofan\u0103 <a href=\"https:\/\/icia.ro\/wp-content\/uploads\/2020\/10\/Poster-10.pdf\">Antioxidant capacity of fresh prunus spinosa extracts obtained by supercritical CO2 extraction technique<\/a><\/li>\n<li>Marin Senila, Bogdan Angyus, Alexandra Hoaghia, Oana Cadar <a href=\"https:\/\/icia.ro\/wp-content\/uploads\/2020\/10\/Poster-11.pdf\">Method for direct mercury determination in vegetables using thermal decomposition &#8211; atomic absorption spectrometry<\/a><\/li>\n<li>Oana Cadar, Zamfira Dinca, Alexandra Hoaghia, Ana Gusan, Alexei Popa, Tatiana Stratulat <a href=\"https:\/\/icia.ro\/wp-content\/uploads\/2020\/10\/Poster-12.pdf\">Determination of some heavy metal profiles in food of animal origin from various regions of Romania<\/a><\/li>\n<\/ul>\n<h4>Agriculture &#8211; Viticulture &#8211; Biodiversity<\/h4>\n<ul>\n<li>Mihai Nicolescu, Marian Ion, Alina Donici <a href=\"https:\/\/icia.ro\/wp-content\/uploads\/2020\/10\/Poster-1a.pdf\">Development of the national strategy for superior valorization of the romanian vitivinicultural potential<\/a><\/li>\n<li>Ionica Dina, Aurora Ranca, Anamaria T\u0103nase, Sergiu-Ayar Ene <a href=\"https:\/\/icia.ro\/wp-content\/uploads\/2020\/10\/Poster-2a.pdf\">Behavior of some grapevine varieties from Murfatlar vineyard in the special climatic conditions of the viticultural year 2019-2020<\/a><\/li>\n<li>Maria-Alexandra Hoaghia, Ioan Aschilean, Eniko Kovacs, Cecilia Roman, Marin Senila <a href=\"https:\/\/icia.ro\/wp-content\/uploads\/2020\/10\/Poster-3a.pdf\">New materials based on natural zeolites used for petroleum products sorption and waste recovery<\/a><\/li>\n<li>Marius Roman, Lucian Dordai, Senila Lacrimioara <a href=\"https:\/\/icia.ro\/wp-content\/uploads\/2020\/10\/Poster-4a.pdf\">The effects of irrigation regime and nitrogen rates on rapeseed yield for biofuels obtaining<\/a><\/li>\n<li>Mirela L. Moldovan, C\u0103t\u0103lina Bogdan, Sonia Iurian, Laurian Vlase, Daniela Benedec <a href=\"https:\/\/icia.ro\/wp-content\/uploads\/2020\/10\/Poster-5a.pdf\">Phytochemical composition and biological activity of Vitis Vinifera L. By-products<\/a><\/li>\n<li>C\u0103t\u0103lina Bogdan, Sonia Iurian, Daniela Benedec, Mirela L. Moldovan <a href=\"https:\/\/icia.ro\/wp-content\/uploads\/2020\/10\/Poster-6a.pdf\">Experimental design \u2013 approach for the formulations of oral care products containing Vitis vinifera L. extracts<\/a><\/li>\n<li>Lucian Dordai; Anca Becze; Marius Roman <a href=\"https:\/\/icia.ro\/wp-content\/uploads\/2020\/10\/Poster-7a.pdf\">Organic fertilization method to increase the quantity and quality of carrot (Daucus Carota) production using natural zeolites<\/a><\/li>\n<li>Kovacs Emoke Dalma, Szilaghi-Dumitrescu Luminita, Roman Cecilia, Kovacs Melinda Haydee, Szajdak Wojciech Lech <a href=\"https:\/\/icia.ro\/wp-content\/uploads\/2020\/10\/Poster-8a.pdf\">Pharmaceuticals uptake by vegetables: exposure route significance<\/a><\/li>\n<li>Kovacs Emoke Dalma, Roman Cecilia, Kovacs Melinda Haydee, Rusu Teodor, Szajdak Wojciech Lech, Tian Di <a href=\"https:\/\/icia.ro\/wp-content\/uploads\/2020\/10\/Poster-9a.pdf\">Monocrop culture long term straw return impact on soil structure, abundance and microbiota catabolic activity: consequences on soil functions<\/a><\/li>\n<li>Kovacs Emoke Dalma, Roman Cecilia, Kovacs Melinda Haydee, Tian Di <a href=\"https:\/\/icia.ro\/wp-content\/uploads\/2020\/10\/Poster-10a.pdf\">Forest litter under altered freeze-thaw events drive differentiation of microbial community structure and functions in the litter horizon across mixed forest ecotone<\/a><\/li>\n<li>Moldovan Ana, Hoaghia Maria-Alexandra, B\u0103b\u0103l\u0103u-Fuss Vanda, Roman Marius, Micle Valer <a href=\"https:\/\/icia.ro\/wp-content\/uploads\/2020\/10\/Poster-11a.pdf\">Chloropyll \u03b1 and \u00df biomass as an indicator of water quality conditions. A study case of an old mine water discharge<\/a><\/li>\n<li>S. Meza, D. Petreus, E. Szilagyi, T. Patarau, R, Etz <a href=\"https:\/\/icia.ro\/wp-content\/uploads\/2020\/10\/Poster-12a.pdf\">Sensor System for Foliage Detection in Vineyards<\/a><\/li>\n<li>Andreia Valentina Miclea <a href=\"https:\/\/icia.ro\/wp-content\/uploads\/2020\/10\/Poster-13a.pdf\">Research and contributions in hyperspectral image classication using articial intelligence techniques<\/a><\/li>\n<li>Stefania Barburiceanu <a href=\"https:\/\/icia.ro\/wp-content\/uploads\/2020\/10\/Poster-14a.pdf\">Feature extraction methods for the classification of grape leaves<\/a><\/li>\n<li>Oana Corduneanu, I.\u0162enu, V. Stoleru, R. Ro\u015fca, P. C\u00e2rlescu, V. Arsenoaia, M. B\u0103etu <a href=\"https:\/\/icia.ro\/wp-content\/uploads\/2020\/10\/Poster-15a.pdf\">Research on the influence of the fertilization method on the number of fruits, mass and pepper production<\/a><\/li>\n<\/ul>\n","protected":false},"excerpt":{"rendered":"<p>AGRIFA facilitates the sharing of ideas and results to achieve a bigger goal: a sustainable agriculture and a safety food. AGRIFA aims enriching the specialist\u2019s conversation with a transfer of ideas and solutions taking into account the participants individual experiences in overcoming obstacles and for better understanding the agriculture needs. To develop farming practices that [&hellip;]<\/p>\n","protected":false},"author":1,"featured_media":0,"parent":0,"menu_order":0,"comment_status":"closed","ping_status":"closed","template":"","meta":[],"acf":[],"yoast_head":"<!-- This site is optimized with the Yoast SEO plugin v20.9 - https:\/\/yoast.com\/wordpress\/plugins\/seo\/ -->\n<title>AGRIFA 2020 - INCDO INOE 2000 ICIA<\/title>\n<meta name=\"robots\" content=\"index, follow, max-snippet:-1, max-image-preview:large, max-video-preview:-1\" \/>\n<link rel=\"canonical\" href=\"https:\/\/icia.ro\/agrifa2020\/\" \/>\n<meta property=\"og:locale\" content=\"en_US\" \/>\n<meta property=\"og:type\" content=\"article\" \/>\n<meta property=\"og:title\" content=\"AGRIFA 2020 - INCDO INOE 2000 ICIA\" \/>\n<meta property=\"og:description\" content=\"AGRIFA facilitates the sharing of ideas and results to achieve a bigger goal: a sustainable agriculture and a safety food. AGRIFA aims enriching the specialist\u2019s conversation with a transfer of ideas and solutions taking into account the participants individual experiences in overcoming obstacles and for better understanding the agriculture needs. To develop farming practices that [&hellip;]\" \/>\n<meta property=\"og:url\" content=\"https:\/\/icia.ro\/agrifa2020\/\" \/>\n<meta property=\"og:site_name\" content=\"INCDO INOE 2000 ICIA\" \/>\n<meta property=\"article:modified_time\" content=\"2025-12-03T12:51:21+00:00\" \/>\n<meta name=\"twitter:card\" content=\"summary_large_image\" \/>\n<meta name=\"twitter:label1\" content=\"Est. reading time\" \/>\n\t<meta name=\"twitter:data1\" content=\"7 minutes\" \/>\n<script type=\"application\/ld+json\" class=\"yoast-schema-graph\">{\"@context\":\"https:\/\/schema.org\",\"@graph\":[{\"@type\":\"WebPage\",\"@id\":\"https:\/\/icia.ro\/agrifa2020\/\",\"url\":\"https:\/\/icia.ro\/agrifa2020\/\",\"name\":\"AGRIFA 2020 - INCDO INOE 2000 ICIA\",\"isPartOf\":{\"@id\":\"https:\/\/icia.ro\/#website\"},\"datePublished\":\"2020-09-04T09:38:23+00:00\",\"dateModified\":\"2025-12-03T12:51:21+00:00\",\"breadcrumb\":{\"@id\":\"https:\/\/icia.ro\/agrifa2020\/#breadcrumb\"},\"inLanguage\":\"en-US\",\"potentialAction\":[{\"@type\":\"ReadAction\",\"target\":[\"https:\/\/icia.ro\/agrifa2020\/\"]}]},{\"@type\":\"BreadcrumbList\",\"@id\":\"https:\/\/icia.ro\/agrifa2020\/#breadcrumb\",\"itemListElement\":[{\"@type\":\"ListItem\",\"position\":1,\"name\":\"Acas\u0103\",\"item\":\"https:\/\/icia.ro\/\"},{\"@type\":\"ListItem\",\"position\":2,\"name\":\"AGRIFA 2020\"}]},{\"@type\":\"WebSite\",\"@id\":\"https:\/\/icia.ro\/#website\",\"url\":\"https:\/\/icia.ro\/\",\"name\":\"INCDO INOE 2000 ICIA\",\"description\":\"Institutul de Cercetari pentru Instrumentatie Analitica\",\"potentialAction\":[{\"@type\":\"SearchAction\",\"target\":{\"@type\":\"EntryPoint\",\"urlTemplate\":\"https:\/\/icia.ro\/?s={search_term_string}\"},\"query-input\":\"required name=search_term_string\"}],\"inLanguage\":\"en-US\"}]}<\/script>\n<!-- \/ Yoast SEO plugin. -->","yoast_head_json":{"title":"AGRIFA 2020 - INCDO INOE 2000 ICIA","robots":{"index":"index","follow":"follow","max-snippet":"max-snippet:-1","max-image-preview":"max-image-preview:large","max-video-preview":"max-video-preview:-1"},"canonical":"https:\/\/icia.ro\/agrifa2020\/","og_locale":"en_US","og_type":"article","og_title":"AGRIFA 2020 - INCDO INOE 2000 ICIA","og_description":"AGRIFA facilitates the sharing of ideas and results to achieve a bigger goal: a sustainable agriculture and a safety food. AGRIFA aims enriching the specialist\u2019s conversation with a transfer of ideas and solutions taking into account the participants individual experiences in overcoming obstacles and for better understanding the agriculture needs. To develop farming practices that [&hellip;]","og_url":"https:\/\/icia.ro\/agrifa2020\/","og_site_name":"INCDO INOE 2000 ICIA","article_modified_time":"2025-12-03T12:51:21+00:00","twitter_card":"summary_large_image","twitter_misc":{"Est. reading time":"7 minutes"},"schema":{"@context":"https:\/\/schema.org","@graph":[{"@type":"WebPage","@id":"https:\/\/icia.ro\/agrifa2020\/","url":"https:\/\/icia.ro\/agrifa2020\/","name":"AGRIFA 2020 - INCDO INOE 2000 ICIA","isPartOf":{"@id":"https:\/\/icia.ro\/#website"},"datePublished":"2020-09-04T09:38:23+00:00","dateModified":"2025-12-03T12:51:21+00:00","breadcrumb":{"@id":"https:\/\/icia.ro\/agrifa2020\/#breadcrumb"},"inLanguage":"en-US","potentialAction":[{"@type":"ReadAction","target":["https:\/\/icia.ro\/agrifa2020\/"]}]},{"@type":"BreadcrumbList","@id":"https:\/\/icia.ro\/agrifa2020\/#breadcrumb","itemListElement":[{"@type":"ListItem","position":1,"name":"Acas\u0103","item":"https:\/\/icia.ro\/"},{"@type":"ListItem","position":2,"name":"AGRIFA 2020"}]},{"@type":"WebSite","@id":"https:\/\/icia.ro\/#website","url":"https:\/\/icia.ro\/","name":"INCDO INOE 2000 ICIA","description":"Institutul de Cercetari pentru Instrumentatie Analitica","potentialAction":[{"@type":"SearchAction","target":{"@type":"EntryPoint","urlTemplate":"https:\/\/icia.ro\/?s={search_term_string}"},"query-input":"required name=search_term_string"}],"inLanguage":"en-US"}]}},"_links":{"self":[{"href":"https:\/\/icia.ro\/en\/wp-json\/wp\/v2\/pages\/72393"}],"collection":[{"href":"https:\/\/icia.ro\/en\/wp-json\/wp\/v2\/pages"}],"about":[{"href":"https:\/\/icia.ro\/en\/wp-json\/wp\/v2\/types\/page"}],"author":[{"embeddable":true,"href":"https:\/\/icia.ro\/en\/wp-json\/wp\/v2\/users\/1"}],"replies":[{"embeddable":true,"href":"https:\/\/icia.ro\/en\/wp-json\/wp\/v2\/comments?post=72393"}],"version-history":[{"count":27,"href":"https:\/\/icia.ro\/en\/wp-json\/wp\/v2\/pages\/72393\/revisions"}],"predecessor-version":[{"id":73189,"href":"https:\/\/icia.ro\/en\/wp-json\/wp\/v2\/pages\/72393\/revisions\/73189"}],"wp:attachment":[{"href":"https:\/\/icia.ro\/en\/wp-json\/wp\/v2\/media?parent=72393"}],"curies":[{"name":"wp","href":"https:\/\/api.w.org\/{rel}","templated":true}]}}