{"id":72759,"date":"2023-05-08T09:13:15","date_gmt":"2023-05-08T06:13:15","guid":{"rendered":"https:\/\/icia.ro\/?page_id=72759"},"modified":"2025-11-28T12:33:23","modified_gmt":"2025-11-28T10:33:23","slug":"pn-23-05-02-02","status":"publish","type":"page","link":"https:\/\/icia.ro\/en\/pn-23-05-02-02\/","title":{"rendered":"PN 23-05-02-02"},"content":{"rendered":"<p><\/p>\n<h2>Titlu proiect<\/h2>\n<p>Cercet\u0103ri de frontier\u0103 privind realizarea de metode, tehnologii, produse \u0219i servicii inovatoare utilizate \u00een solu\u021bionarea problematicii globale si cre\u0219terea competitivit\u0103\u021bii bazate pe cunoa\u0219tere (PN 23 05 02 02)<\/p>\n<hr \/>\n<p><strong>Obiectivul proiectului<\/strong>:<br \/>\nImpulsionarea inov\u0103rii \u00een domeniile de specializare inteligent\u0103 proprii institutului, ca parte a ecosistemelor de inovare regionale, na\u021bionale si globale<\/p>\n<p><strong>\u021ainta 2 (ICIA)<\/strong>:<br \/>\nTehnici avansate pentru ob\u021binerea filmelor active polimerice pentru panouri fotovoltaice<\/p>\n<p><strong>Contract nr<\/strong>: 11N\/03.01.2023<\/p>\n<p><strong>Domeniu<\/strong>:<br \/>\nEnergie regenerabil\u0103, nanomateriale, filme sub\u0163iri<\/p>\n<p><strong>Obiectiv proiect \u021ainta 2<\/strong>:<br \/>\nDezvoltarea de sisteme, metode, servicii si tehnici integrative pentru sus\u021binerea ecosistemelor de inovare asociate specializ\u0103rii inteligente \u201e5.1 Optoelectronica\u201d<\/p>\n<hr \/>\n<h2>Abstract<\/h2>\n<p>\u00cen cadrul acestui proiect, (Tinta 2) se vor dezvolta tehnologii pentru a modifica morfologia molecular\u0103 a materialului activ\/film subtire destinat construc\u021biei unor celule solare organice. Sunt dezvoltate noi metode de depunere \u0219i de procesare, metode care permit \u00eemperecherea unor noi polimeri donori \u0219i acceptori, pentru a optimiza nanostructura filmului sub\u021bire care va constitui stratul activ al unor aplica\u021bii destinate producerii de energie (celule solare).<\/p>\n<h2>Rezultatele estimate \u021ainta 2:<\/h2>\n<ul>\n<li>Studiu documentar privind cerin\u021bele pentru filmele sub\u021biri pentru celule fotovoltaice<\/li>\n<li>Proiect dispozitiv de procesare\/structurare PROFILS<\/li>\n<li>Dispozitiv de procesare filme subtiri<\/li>\n<li>Tehnica noua PROFILS de procesare a filmelor sub\u021biri<\/li>\n<li>Filme sub\u021biri prin noua tehnica realizata PROFILS, utiliz\u00e2nd polimeri conjuga\u021bi, ME: min 3 re\u021bete<\/li>\n<li>Filme sub\u021biri prin noua tehnica realizata PROFILS , utiliz\u00e2nd polimeri conjuga\u021bi+fulerene, ME: min 3 re\u021bete<\/li>\n<li>Proiect dispozitiv de depunere blade-coating (BC)<\/li>\n<li>Dispozitiv de depunere BC, ME<\/li>\n<li>Tehnica noua BC optimizata<\/li>\n<li>Filme sub\u021biri din polimeri conjuga\u021bi ob\u021binute prin tehnica BC, ME: min 3 re\u021bete<\/li>\n<li>Filme sub\u021biri ob\u021binute prin depunere BC si procesare PROFILS: min 3 re\u021bete<\/li>\n<li>6 Articole \u0219tiin\u021bifice in baza de date interna\u021bionala<\/li>\n<li>2 cereri de brevet (dispozitiv PROFILS + Dispozitiv BC)<\/li>\n<\/ul>\n<h2>Faza 1 Tinta 2 \u201a&#8221;Proiectare dispozitiv PROFILS 1&#8243;<\/h2>\n<p>Proiectarea unui dispozitiv destinat proces\u0103rii filmelor sub\u0163iri pentru modificarea structurii acestora<\/p>\n<h3>Rezultate ob\u021binute:<\/h3>\n<ul>\n<li>Studiu documentar privind cerin\u021bele pentru filmele sub\u021biri pentru celule fotovoltaice<\/li>\n<li>Proiect dispozitiv de procesare\/structurare PROFILS<\/li>\n<li>1 Articol \u0219tiin\u021bific ISI, FI 3.748\n<ul>\n<li>Petrovai, I.; Todor-Boer, O.; David, L.; Botiz, I. Growth of Hybrid Perovskite Crystals from CH3NH3PbI3\u2013XClx Solutions Subjected to Constant Solvent Evaporation Rates. Materials 2023, 16, 2625, doi:10.3390\/ma16072625.<\/li>\n<\/ul>\n<\/li>\n<li>1 Comunicare la conferinta internationala:\n<ul>\n<li>33RD Edition of the international conference &#8211; Preparing the future by promoting excellence\u201d, Iasi, Romania, 2-5 martie 2023 cu lucrarea \u201cCrystallization behavior of CSA deposited Poly(3-hexylselenophene)\u201d, autori: Otto Todor-Boer, Ioan Botiz<\/li>\n<\/ul>\n<\/li>\n<\/ul>\n<h2>Faza 9, Tinta 2, &#8220;Realizare dispozitiv PROFILS si elaborarea unei noi tehnici pentru procesarea filmelor subtiri.&#8221;<\/h2>\n<h3>Rezultate obtinute:<\/h3>\n<ul>\n<li>1 articol \u0219tiintific in baza de date international: \u201cGeneration of Hybrid Lead Halide CH3NH3PbI3-xClx Perovskite Crystals via Convective Self-Assembly\u201d, Petrovai, I.; Todor-Boer, O.; Vulpoi, A.; David, L.; Botiz, I.; Coatings 2023, 13(6), 1130, doi: 10.3390\/coatings13061130 (FI2022=3,4; Q2).\u201d<\/li>\n<li>1 Comunicare la conferinta internationala: \u201cThe International Conference on Novel Materials Fundamentals and Applications\u201d 15-18.10.2023, Slovacia, Strbske Pleso, cu lucrarea \u201cThin Film Microstructure Optimization Chamber\u201d, autori: Otto Todor-Boer, Tudor Blaga\u201d<\/li>\n<li>Cerere brevet: A100658 din 06.11.2023.: \u201eProcedeu pentru modificarea microstructurii filmelor sub\u021biri polimeric\u201d, Todor-Boer Otto, Roman Cecilia.<\/li>\n<li>Date experimentale: Raport privind caracteristicile noii tehnici PROFILS elaborate<\/li>\n<li>Raport analiza si interpretare date<\/li>\n<li>Tehnic\u0103 nou\u0103 PROFILS de procesare a filmelor subtiri<\/li>\n<li>Tehnica nou\u0103 PROFILS optimizat\u0103<\/li>\n<li>Dispozitiv de procesare filme subtiri<\/li>\n<li>Filme sub\u0163iri prin noua tehnic\u0103 realizat\u0103 PROFILS utilizand polimeri conjugati, ME: min. 3 retete<\/li>\n<\/ul>\n<h2>Faza 18, Tinta 2, &#8220;Realizare (prin spin-coating)si procesare filme subtiri prin tehnica PROFILS utilizand polimeri conjugati si polimeri conjugati+fulerene (Partea I).&#8221;<\/h2>\n<h3>Rezultate obtinute:<\/h3>\n<ul>\n<li>Filme subtiri prin noua tehnic\u0103 realizat\u0103 PROFILS, utilizand polimericonjuga\u0163i+fulerene, ME: 1 re\u0163et\u0103.<\/li>\n<\/ul>\n<h2>Faza 23, Tinta 2, \u201cRealizare (prin spin-coating)si procesare filme subtiri prin tehnica PROFILS utilizand polimeri conjugati si polimeri conjugati+fulerene (Partea II)\u201d<\/h2>\n<h3>Rezultate obtinute:<\/h3>\n<ul>\n<li>1 articol \u0219tiin\u021bific in baza de date interna\u021bional\u0103 (indexata ISI) Processing of Thin Films Based on Cellulose Nanocrystals and Biodegradable Polymers by Space-Confined Solvent Vapor Annealing and Morphological Characteristics\u201d Lacrimioara Senila, Ioan Botiz, Cecilia Roman, Dorina Simedru, Monica Dan, Irina Kacso, Marin Senila, Otto Todor-Boer, Materials, 2024, 17(7), 1685, https:\/\/doi.org\/10.3390\/ma17071685 (FI2022=3,4; Q2).<\/li>\n<li>Raport privind caracteristicile optoelectronice filme ob\u021binute<\/li>\n<li>Raport de optimizare<\/li>\n<li>Filme sub\u021biri prin noua tehnica realizata PROFILS utiliz\u00e2nd polimeri conjuga\u021bi+fule-rene, ME: min 2 retete<\/li>\n<li><a href=\"https:\/\/icia.ro\/masa-rotunda-pn-23-05-02-02\/\">Masa rotunda<\/a><\/li>\n<\/ul>\n<h2>Faza 45, Tinta 2, \u201cProiectare si realizare dispozitiv blade-coating, BC, de depunere a filmelor subtiri\u201d.<\/h2>\n<h3>Rezultate obtinute:<\/h3>\n<ul>\n<li>Proiect dispozitiv de depunere blade-coating<\/li>\n<li>Tehnica noua BC de depunere filme subtiri organice, ME<\/li>\n<li>Dispozitiv de depunere<\/li>\n<li>2 articole \u0219tiin\u021bifice in baza de date interna\u021bional\u0103 (indexata ISI)\n<ul>\n<li>Otto Todor-Boer, Cosmin Farc\u0103u, Ioan Botiz, Large enhancement of photoluminescence obtained in thin polyfluorene films of optimized microstructure, Polymers, 16, 16, 2278, 2024, doi: 10.3390\/polym16162278<\/li>\n<li>Yenda Cotoarba\u0306, Otto Todor-Boer, Ioan Botiz, Crystals of Nonfullerene Acceptors Generated by Rich Exposure to Solvent Vapors, Crystal Growth &amp; Design, 25, 8, 2337-2346, 2025, doi: 10.1021\/acs.cgd.5c00192<\/li>\n<\/ul>\n<\/li>\n<\/ul>\n<hr \/>\n<p><strong>Director de program<\/strong>: Dr. Doina Nicolae<br \/>\n<strong>Responsabil proiect<\/strong> : Dr. Mariana Braic<br \/>\n<strong>Responsabil faza<\/strong>: Dr. Otto Todor-Boer<\/p>\n<p>&nbsp;<\/p>","protected":false},"excerpt":{"rendered":"<p>Titlu proiect Cercet\u0103ri de frontier\u0103 privind realizarea de metode, tehnologii, produse \u0219i servicii inovatoare utilizate \u00een solu\u021bionarea problematicii globale si cre\u0219terea competitivit\u0103\u021bii bazate pe cunoa\u0219tere (PN 23 05 02 02) Obiectivul proiectului: Impulsionarea inov\u0103rii \u00een domeniile de specializare inteligent\u0103 proprii institutului, ca parte a ecosistemelor de inovare regionale, na\u021bionale si globale \u021ainta 2 (ICIA): Tehnici [&hellip;]<\/p>\n","protected":false},"author":1,"featured_media":0,"parent":0,"menu_order":0,"comment_status":"closed","ping_status":"closed","template":"","meta":[],"acf":[],"yoast_head":"<!-- This site is optimized with the Yoast SEO plugin v20.9 - https:\/\/yoast.com\/wordpress\/plugins\/seo\/ -->\n<title>PN 23-05-02-02 - INCDO INOE 2000 ICIA<\/title>\n<meta name=\"robots\" content=\"index, follow, max-snippet:-1, max-image-preview:large, max-video-preview:-1\" \/>\n<link rel=\"canonical\" href=\"https:\/\/icia.ro\/pn-23-05-02-02\/\" \/>\n<meta property=\"og:locale\" content=\"en_US\" \/>\n<meta property=\"og:type\" content=\"article\" \/>\n<meta property=\"og:title\" content=\"PN 23-05-02-02 - INCDO INOE 2000 ICIA\" \/>\n<meta property=\"og:description\" content=\"Titlu proiect Cercet\u0103ri de frontier\u0103 privind realizarea de metode, tehnologii, produse \u0219i servicii inovatoare utilizate \u00een solu\u021bionarea problematicii globale si cre\u0219terea competitivit\u0103\u021bii bazate pe cunoa\u0219tere (PN 23 05 02 02) Obiectivul proiectului: Impulsionarea inov\u0103rii \u00een domeniile de specializare inteligent\u0103 proprii institutului, ca parte a ecosistemelor de inovare regionale, na\u021bionale si globale \u021ainta 2 (ICIA): Tehnici [&hellip;]\" \/>\n<meta property=\"og:url\" content=\"https:\/\/icia.ro\/pn-23-05-02-02\/\" \/>\n<meta property=\"og:site_name\" content=\"INCDO INOE 2000 ICIA\" \/>\n<meta property=\"article:modified_time\" content=\"2025-11-28T10:33:23+00:00\" \/>\n<meta name=\"twitter:card\" content=\"summary_large_image\" \/>\n<meta name=\"twitter:label1\" content=\"Est. reading time\" \/>\n\t<meta name=\"twitter:data1\" content=\"5 minutes\" \/>\n<script type=\"application\/ld+json\" class=\"yoast-schema-graph\">{\"@context\":\"https:\/\/schema.org\",\"@graph\":[{\"@type\":\"WebPage\",\"@id\":\"https:\/\/icia.ro\/pn-23-05-02-02\/\",\"url\":\"https:\/\/icia.ro\/pn-23-05-02-02\/\",\"name\":\"PN 23-05-02-02 - INCDO INOE 2000 ICIA\",\"isPartOf\":{\"@id\":\"https:\/\/icia.ro\/#website\"},\"datePublished\":\"2023-05-08T06:13:15+00:00\",\"dateModified\":\"2025-11-28T10:33:23+00:00\",\"breadcrumb\":{\"@id\":\"https:\/\/icia.ro\/pn-23-05-02-02\/#breadcrumb\"},\"inLanguage\":\"en-US\",\"potentialAction\":[{\"@type\":\"ReadAction\",\"target\":[\"https:\/\/icia.ro\/pn-23-05-02-02\/\"]}]},{\"@type\":\"BreadcrumbList\",\"@id\":\"https:\/\/icia.ro\/pn-23-05-02-02\/#breadcrumb\",\"itemListElement\":[{\"@type\":\"ListItem\",\"position\":1,\"name\":\"Acas\u0103\",\"item\":\"https:\/\/icia.ro\/\"},{\"@type\":\"ListItem\",\"position\":2,\"name\":\"PN 23-05-02-02\"}]},{\"@type\":\"WebSite\",\"@id\":\"https:\/\/icia.ro\/#website\",\"url\":\"https:\/\/icia.ro\/\",\"name\":\"INCDO INOE 2000 ICIA\",\"description\":\"Institutul de Cercetari pentru Instrumentatie Analitica\",\"potentialAction\":[{\"@type\":\"SearchAction\",\"target\":{\"@type\":\"EntryPoint\",\"urlTemplate\":\"https:\/\/icia.ro\/?s={search_term_string}\"},\"query-input\":\"required name=search_term_string\"}],\"inLanguage\":\"en-US\"}]}<\/script>\n<!-- \/ Yoast SEO plugin. -->","yoast_head_json":{"title":"PN 23-05-02-02 - INCDO INOE 2000 ICIA","robots":{"index":"index","follow":"follow","max-snippet":"max-snippet:-1","max-image-preview":"max-image-preview:large","max-video-preview":"max-video-preview:-1"},"canonical":"https:\/\/icia.ro\/pn-23-05-02-02\/","og_locale":"en_US","og_type":"article","og_title":"PN 23-05-02-02 - INCDO INOE 2000 ICIA","og_description":"Titlu proiect Cercet\u0103ri de frontier\u0103 privind realizarea de metode, tehnologii, produse \u0219i servicii inovatoare utilizate \u00een solu\u021bionarea problematicii globale si cre\u0219terea competitivit\u0103\u021bii bazate pe cunoa\u0219tere (PN 23 05 02 02) Obiectivul proiectului: Impulsionarea inov\u0103rii \u00een domeniile de specializare inteligent\u0103 proprii institutului, ca parte a ecosistemelor de inovare regionale, na\u021bionale si globale \u021ainta 2 (ICIA): Tehnici [&hellip;]","og_url":"https:\/\/icia.ro\/pn-23-05-02-02\/","og_site_name":"INCDO INOE 2000 ICIA","article_modified_time":"2025-11-28T10:33:23+00:00","twitter_card":"summary_large_image","twitter_misc":{"Est. reading time":"5 minutes"},"schema":{"@context":"https:\/\/schema.org","@graph":[{"@type":"WebPage","@id":"https:\/\/icia.ro\/pn-23-05-02-02\/","url":"https:\/\/icia.ro\/pn-23-05-02-02\/","name":"PN 23-05-02-02 - INCDO INOE 2000 ICIA","isPartOf":{"@id":"https:\/\/icia.ro\/#website"},"datePublished":"2023-05-08T06:13:15+00:00","dateModified":"2025-11-28T10:33:23+00:00","breadcrumb":{"@id":"https:\/\/icia.ro\/pn-23-05-02-02\/#breadcrumb"},"inLanguage":"en-US","potentialAction":[{"@type":"ReadAction","target":["https:\/\/icia.ro\/pn-23-05-02-02\/"]}]},{"@type":"BreadcrumbList","@id":"https:\/\/icia.ro\/pn-23-05-02-02\/#breadcrumb","itemListElement":[{"@type":"ListItem","position":1,"name":"Acas\u0103","item":"https:\/\/icia.ro\/"},{"@type":"ListItem","position":2,"name":"PN 23-05-02-02"}]},{"@type":"WebSite","@id":"https:\/\/icia.ro\/#website","url":"https:\/\/icia.ro\/","name":"INCDO INOE 2000 ICIA","description":"Institutul de Cercetari pentru Instrumentatie Analitica","potentialAction":[{"@type":"SearchAction","target":{"@type":"EntryPoint","urlTemplate":"https:\/\/icia.ro\/?s={search_term_string}"},"query-input":"required name=search_term_string"}],"inLanguage":"en-US"}]}},"_links":{"self":[{"href":"https:\/\/icia.ro\/en\/wp-json\/wp\/v2\/pages\/72759"}],"collection":[{"href":"https:\/\/icia.ro\/en\/wp-json\/wp\/v2\/pages"}],"about":[{"href":"https:\/\/icia.ro\/en\/wp-json\/wp\/v2\/types\/page"}],"author":[{"embeddable":true,"href":"https:\/\/icia.ro\/en\/wp-json\/wp\/v2\/users\/1"}],"replies":[{"embeddable":true,"href":"https:\/\/icia.ro\/en\/wp-json\/wp\/v2\/comments?post=72759"}],"version-history":[{"count":8,"href":"https:\/\/icia.ro\/en\/wp-json\/wp\/v2\/pages\/72759\/revisions"}],"predecessor-version":[{"id":73186,"href":"https:\/\/icia.ro\/en\/wp-json\/wp\/v2\/pages\/72759\/revisions\/73186"}],"wp:attachment":[{"href":"https:\/\/icia.ro\/en\/wp-json\/wp\/v2\/media?parent=72759"}],"curies":[{"name":"wp","href":"https:\/\/api.w.org\/{rel}","templated":true}]}}