{"id":72837,"date":"2018-10-25T12:39:21","date_gmt":"2018-10-25T09:39:21","guid":{"rendered":"https:\/\/icia.ro\/?page_id=72837"},"modified":"2024-03-06T12:41:43","modified_gmt":"2024-03-06T10:41:43","slug":"mobilitate-2733","status":"publish","type":"page","link":"https:\/\/icia.ro\/en\/mobilitate-2733\/","title":{"rendered":"Mobility 2733"},"content":{"rendered":"<p>Mobility projects for researchers PN-III-P1-1.1-MC-2018-2733 (Hungary, Martonvasar)<br \/>\n08\/10\/2018 &#8211; 22\/10\/2018<\/p>\n<p>Domain: Applied life sciences and Biotechnologies (09. \u015etiin\u0163ele vie\u0163ii aplicate \u015fi Biotehnologii)<\/p>\n<p>The project aim: to participate in a training course, to learn new techniques to investigate plants&#8217; response to different abiotic stress conditions (e.g. heavy metals and the effect of light intensity). The response of aquatic plants will be monitored by analysis of thiol compounds such as: cysteine (Cys), cysteinyl-glycine (Cys-Gly), \u03b3-glutamyl-cysteine (\u03b3-Glu-Cys), glutathione (GSH), glutathione disulfide (GSSG), bis-\u03b3-glutamyl-cysteine (bis-\u03b3-Glu-Cys), cystinyl-bis-glycine (Cys-bis-Gly), together with glutathione oligomers, called phytochelatins (PCs).<\/p>\n<p>The internship will take place at the Agricultural Institute, Agricultural Research Center, Hungarian Academy of Sciences (Agricultural Institute, Center or Agricultural Research, Hungarian Academy of Sciences) from Hungary located in Martonv\u00e1s\u00e1r for two weeks (October 8 &#8211; 22, 2018) under the guidance\/supervision of Dr. Kocsy G\u00e1bor.<\/p>\n<p>The mobility project offers the opportunity to develop knowledge in the domain of the physiological and biochemical processes involved in plant response (crop plants, e.g. wheat, and aquatic, e.g. Lemna minor species) under abiotic stress conditions.<\/p>\n<p>General objectives of the training course: i) investigation of changes in plant metabolism; ii) development of new extraction and characterization methodologies for thiol compounds, as well as enzymatic defense systems; iii) collaboration with a group of specialists from the HUN-REN Centre for Agricultural Research Agricultural Institute, with expertise in plant molecular biology; iv) possibilities of joint publications and projects.<\/p>\n","protected":false},"excerpt":{"rendered":"<p>Mobility projects for researchers PN-III-P1-1.1-MC-2018-2733 (Hungary, Martonvasar) 08\/10\/2018 &#8211; 22\/10\/2018 Domain: Applied life sciences and Biotechnologies (09. \u015etiin\u0163ele vie\u0163ii aplicate \u015fi Biotehnologii) The project aim: to participate in a training course, to learn new techniques to investigate plants&#8217; response to different abiotic stress conditions (e.g. heavy metals and the effect of light intensity). The response [&hellip;]<\/p>\n","protected":false},"author":1,"featured_media":0,"parent":0,"menu_order":0,"comment_status":"closed","ping_status":"closed","template":"","meta":[],"acf":[],"yoast_head":"<!-- This site is optimized with the Yoast SEO plugin v20.9 - https:\/\/yoast.com\/wordpress\/plugins\/seo\/ -->\n<title>Mobility 2733 - INCDO INOE 2000 ICIA<\/title>\n<meta name=\"robots\" content=\"index, follow, max-snippet:-1, max-image-preview:large, max-video-preview:-1\" \/>\n<link rel=\"canonical\" href=\"https:\/\/icia.ro\/mobilitate-2733\/\" \/>\n<meta property=\"og:locale\" content=\"en_US\" \/>\n<meta property=\"og:type\" content=\"article\" \/>\n<meta property=\"og:title\" content=\"Mobility 2733 - INCDO INOE 2000 ICIA\" \/>\n<meta property=\"og:description\" content=\"Mobility projects for researchers PN-III-P1-1.1-MC-2018-2733 (Hungary, Martonvasar) 08\/10\/2018 &#8211; 22\/10\/2018 Domain: Applied life sciences and Biotechnologies (09. \u015etiin\u0163ele vie\u0163ii aplicate \u015fi Biotehnologii) The project aim: to participate in a training course, to learn new techniques to investigate plants&#8217; response to different abiotic stress conditions (e.g. heavy metals and the effect of light intensity). The response [&hellip;]\" \/>\n<meta property=\"og:url\" content=\"https:\/\/icia.ro\/mobilitate-2733\/\" \/>\n<meta property=\"og:site_name\" content=\"INCDO INOE 2000 ICIA\" \/>\n<meta property=\"article:modified_time\" content=\"2024-03-06T10:41:43+00:00\" \/>\n<meta name=\"twitter:card\" content=\"summary_large_image\" \/>\n<meta name=\"twitter:label1\" content=\"Est. reading time\" \/>\n\t<meta name=\"twitter:data1\" content=\"2 minutes\" \/>\n<script type=\"application\/ld+json\" class=\"yoast-schema-graph\">{\"@context\":\"https:\/\/schema.org\",\"@graph\":[{\"@type\":\"WebPage\",\"@id\":\"https:\/\/icia.ro\/mobilitate-2733\/\",\"url\":\"https:\/\/icia.ro\/mobilitate-2733\/\",\"name\":\"Mobility 2733 - INCDO INOE 2000 ICIA\",\"isPartOf\":{\"@id\":\"https:\/\/icia.ro\/#website\"},\"datePublished\":\"2018-10-25T09:39:21+00:00\",\"dateModified\":\"2024-03-06T10:41:43+00:00\",\"breadcrumb\":{\"@id\":\"https:\/\/icia.ro\/mobilitate-2733\/#breadcrumb\"},\"inLanguage\":\"en-US\",\"potentialAction\":[{\"@type\":\"ReadAction\",\"target\":[\"https:\/\/icia.ro\/mobilitate-2733\/\"]}]},{\"@type\":\"BreadcrumbList\",\"@id\":\"https:\/\/icia.ro\/mobilitate-2733\/#breadcrumb\",\"itemListElement\":[{\"@type\":\"ListItem\",\"position\":1,\"name\":\"Acas\u0103\",\"item\":\"https:\/\/icia.ro\/\"},{\"@type\":\"ListItem\",\"position\":2,\"name\":\"Mobilitate 2733\"}]},{\"@type\":\"WebSite\",\"@id\":\"https:\/\/icia.ro\/#website\",\"url\":\"https:\/\/icia.ro\/\",\"name\":\"INCDO INOE 2000 ICIA\",\"description\":\"Institutul de Cercetari pentru Instrumentatie Analitica\",\"potentialAction\":[{\"@type\":\"SearchAction\",\"target\":{\"@type\":\"EntryPoint\",\"urlTemplate\":\"https:\/\/icia.ro\/?s={search_term_string}\"},\"query-input\":\"required name=search_term_string\"}],\"inLanguage\":\"en-US\"}]}<\/script>\n<!-- \/ Yoast SEO plugin. -->","yoast_head_json":{"title":"Mobility 2733 - INCDO INOE 2000 ICIA","robots":{"index":"index","follow":"follow","max-snippet":"max-snippet:-1","max-image-preview":"max-image-preview:large","max-video-preview":"max-video-preview:-1"},"canonical":"https:\/\/icia.ro\/mobilitate-2733\/","og_locale":"en_US","og_type":"article","og_title":"Mobility 2733 - INCDO INOE 2000 ICIA","og_description":"Mobility projects for researchers PN-III-P1-1.1-MC-2018-2733 (Hungary, Martonvasar) 08\/10\/2018 &#8211; 22\/10\/2018 Domain: Applied life sciences and Biotechnologies (09. \u015etiin\u0163ele vie\u0163ii aplicate \u015fi Biotehnologii) The project aim: to participate in a training course, to learn new techniques to investigate plants&#8217; response to different abiotic stress conditions (e.g. heavy metals and the effect of light intensity). The response [&hellip;]","og_url":"https:\/\/icia.ro\/mobilitate-2733\/","og_site_name":"INCDO INOE 2000 ICIA","article_modified_time":"2024-03-06T10:41:43+00:00","twitter_card":"summary_large_image","twitter_misc":{"Est. reading time":"2 minutes"},"schema":{"@context":"https:\/\/schema.org","@graph":[{"@type":"WebPage","@id":"https:\/\/icia.ro\/mobilitate-2733\/","url":"https:\/\/icia.ro\/mobilitate-2733\/","name":"Mobility 2733 - INCDO INOE 2000 ICIA","isPartOf":{"@id":"https:\/\/icia.ro\/#website"},"datePublished":"2018-10-25T09:39:21+00:00","dateModified":"2024-03-06T10:41:43+00:00","breadcrumb":{"@id":"https:\/\/icia.ro\/mobilitate-2733\/#breadcrumb"},"inLanguage":"en-US","potentialAction":[{"@type":"ReadAction","target":["https:\/\/icia.ro\/mobilitate-2733\/"]}]},{"@type":"BreadcrumbList","@id":"https:\/\/icia.ro\/mobilitate-2733\/#breadcrumb","itemListElement":[{"@type":"ListItem","position":1,"name":"Acas\u0103","item":"https:\/\/icia.ro\/"},{"@type":"ListItem","position":2,"name":"Mobilitate 2733"}]},{"@type":"WebSite","@id":"https:\/\/icia.ro\/#website","url":"https:\/\/icia.ro\/","name":"INCDO INOE 2000 ICIA","description":"Institutul de Cercetari pentru Instrumentatie Analitica","potentialAction":[{"@type":"SearchAction","target":{"@type":"EntryPoint","urlTemplate":"https:\/\/icia.ro\/?s={search_term_string}"},"query-input":"required name=search_term_string"}],"inLanguage":"en-US"}]}},"_links":{"self":[{"href":"https:\/\/icia.ro\/en\/wp-json\/wp\/v2\/pages\/72837"}],"collection":[{"href":"https:\/\/icia.ro\/en\/wp-json\/wp\/v2\/pages"}],"about":[{"href":"https:\/\/icia.ro\/en\/wp-json\/wp\/v2\/types\/page"}],"author":[{"embeddable":true,"href":"https:\/\/icia.ro\/en\/wp-json\/wp\/v2\/users\/1"}],"replies":[{"embeddable":true,"href":"https:\/\/icia.ro\/en\/wp-json\/wp\/v2\/comments?post=72837"}],"version-history":[{"count":1,"href":"https:\/\/icia.ro\/en\/wp-json\/wp\/v2\/pages\/72837\/revisions"}],"predecessor-version":[{"id":72838,"href":"https:\/\/icia.ro\/en\/wp-json\/wp\/v2\/pages\/72837\/revisions\/72838"}],"wp:attachment":[{"href":"https:\/\/icia.ro\/en\/wp-json\/wp\/v2\/media?parent=72837"}],"curies":[{"name":"wp","href":"https:\/\/api.w.org\/{rel}","templated":true}]}}