{"id":72956,"date":"2024-12-18T14:39:49","date_gmt":"2024-12-18T12:39:49","guid":{"rendered":"https:\/\/icia.ro\/?page_id=72956"},"modified":"2025-01-10T12:00:26","modified_gmt":"2025-01-10T10:00:26","slug":"mc047","status":"publish","type":"page","link":"https:\/\/icia.ro\/en\/mc047\/","title":{"rendered":"Mobilitate cercetator MC47"},"content":{"rendered":"<p><strong>Titlul proiectului: <\/strong>Mobilitate cercetator Otto Todor-Boer<\/p>\n<p><strong>Director de proiect:<\/strong> CS III Dr. Otto Todor-Boer<\/p>\n<p><strong>Nr Contract:<\/strong> MC47\/08\/11\/2024<\/p>\n<p><strong>Scop proiect<\/strong>: efectuarea unui stagiu de 8 zile la <em>Institute of Technical Physics and Materials Science<\/em>, Hungarian Academy of Sciences, (MFA), Budapesta, Ungaria \u00een cadrul \u201c<em>Centre for Energy Research<\/em>\u201d, (EK MFA) coordonat de ing. Ill\u00e9s Levente, pentru deprinderea si rafinarea tehnicii de analiz\u0103 a materialelor prin tehnica microscopiei electronice.<\/p>\n<p><strong>Rezultat<\/strong>. <strong>Impactul asupra activit\u0103\u021bii<\/strong>:\u00a0Planul de lucru propus a fost finalizat cu succes \u00een timpul stagiului \u00een cadrul EK MFA. Experimentele realizate cu colectivul EK MFA au demonstrat versatilitatea SEM \u0219i noi modalit\u0103\u0163i \u00een care acesta poate fi utilizat \u00een multe domenii precum \u015fi, importan\u0163a tunului ionic \u00eentr-un aparat SEM (permite manipularea de microcipuri \u0219i senzori).<\/p>\n","protected":false},"excerpt":{"rendered":"<p>Titlul proiectului: Mobilitate cercetator Otto Todor-Boer Director de proiect: CS III Dr. Otto Todor-Boer Nr Contract: MC47\/08\/11\/2024 Scop proiect: efectuarea unui stagiu de 8 zile la Institute of Technical Physics and Materials Science, Hungarian Academy of Sciences, (MFA), Budapesta, Ungaria \u00een cadrul \u201cCentre for Energy Research\u201d, (EK MFA) coordonat de ing. Ill\u00e9s Levente, pentru deprinderea [&hellip;]<\/p>\n","protected":false},"author":1,"featured_media":0,"parent":0,"menu_order":0,"comment_status":"closed","ping_status":"closed","template":"","meta":[],"acf":[],"yoast_head":"<!-- This site is optimized with the Yoast SEO plugin v20.9 - https:\/\/yoast.com\/wordpress\/plugins\/seo\/ -->\n<title>Mobilitate cercetator MC47 - INCDO INOE 2000 ICIA<\/title>\n<meta name=\"robots\" content=\"index, follow, max-snippet:-1, max-image-preview:large, max-video-preview:-1\" \/>\n<link rel=\"canonical\" href=\"https:\/\/icia.ro\/mc047\/\" \/>\n<meta property=\"og:locale\" content=\"en_US\" \/>\n<meta property=\"og:type\" content=\"article\" \/>\n<meta property=\"og:title\" content=\"Mobilitate cercetator MC47 - INCDO INOE 2000 ICIA\" \/>\n<meta property=\"og:description\" content=\"Titlul proiectului: Mobilitate cercetator Otto Todor-Boer Director de proiect: CS III Dr. Otto Todor-Boer Nr Contract: MC47\/08\/11\/2024 Scop proiect: efectuarea unui stagiu de 8 zile la Institute of Technical Physics and Materials Science, Hungarian Academy of Sciences, (MFA), Budapesta, Ungaria \u00een cadrul \u201cCentre for Energy Research\u201d, (EK MFA) coordonat de ing. Ill\u00e9s Levente, pentru deprinderea [&hellip;]\" \/>\n<meta property=\"og:url\" content=\"https:\/\/icia.ro\/mc047\/\" \/>\n<meta property=\"og:site_name\" content=\"INCDO INOE 2000 ICIA\" \/>\n<meta property=\"article:modified_time\" content=\"2025-01-10T10:00:26+00:00\" \/>\n<meta name=\"twitter:card\" content=\"summary_large_image\" \/>\n<meta name=\"twitter:label1\" content=\"Est. reading time\" \/>\n\t<meta name=\"twitter:data1\" content=\"1 minute\" \/>\n<script type=\"application\/ld+json\" class=\"yoast-schema-graph\">{\"@context\":\"https:\/\/schema.org\",\"@graph\":[{\"@type\":\"WebPage\",\"@id\":\"https:\/\/icia.ro\/mc047\/\",\"url\":\"https:\/\/icia.ro\/mc047\/\",\"name\":\"Mobilitate cercetator MC47 - INCDO INOE 2000 ICIA\",\"isPartOf\":{\"@id\":\"https:\/\/icia.ro\/#website\"},\"datePublished\":\"2024-12-18T12:39:49+00:00\",\"dateModified\":\"2025-01-10T10:00:26+00:00\",\"breadcrumb\":{\"@id\":\"https:\/\/icia.ro\/mc047\/#breadcrumb\"},\"inLanguage\":\"en-US\",\"potentialAction\":[{\"@type\":\"ReadAction\",\"target\":[\"https:\/\/icia.ro\/mc047\/\"]}]},{\"@type\":\"BreadcrumbList\",\"@id\":\"https:\/\/icia.ro\/mc047\/#breadcrumb\",\"itemListElement\":[{\"@type\":\"ListItem\",\"position\":1,\"name\":\"Acas\u0103\",\"item\":\"https:\/\/icia.ro\/\"},{\"@type\":\"ListItem\",\"position\":2,\"name\":\"Mobilitate cercetator MC047\"}]},{\"@type\":\"WebSite\",\"@id\":\"https:\/\/icia.ro\/#website\",\"url\":\"https:\/\/icia.ro\/\",\"name\":\"INCDO INOE 2000 ICIA\",\"description\":\"Institutul de Cercetari pentru Instrumentatie Analitica\",\"potentialAction\":[{\"@type\":\"SearchAction\",\"target\":{\"@type\":\"EntryPoint\",\"urlTemplate\":\"https:\/\/icia.ro\/?s={search_term_string}\"},\"query-input\":\"required name=search_term_string\"}],\"inLanguage\":\"en-US\"}]}<\/script>\n<!-- \/ Yoast SEO plugin. -->","yoast_head_json":{"title":"Mobilitate cercetator MC47 - INCDO INOE 2000 ICIA","robots":{"index":"index","follow":"follow","max-snippet":"max-snippet:-1","max-image-preview":"max-image-preview:large","max-video-preview":"max-video-preview:-1"},"canonical":"https:\/\/icia.ro\/mc047\/","og_locale":"en_US","og_type":"article","og_title":"Mobilitate cercetator MC47 - INCDO INOE 2000 ICIA","og_description":"Titlul proiectului: Mobilitate cercetator Otto Todor-Boer Director de proiect: CS III Dr. Otto Todor-Boer Nr Contract: MC47\/08\/11\/2024 Scop proiect: efectuarea unui stagiu de 8 zile la Institute of Technical Physics and Materials Science, Hungarian Academy of Sciences, (MFA), Budapesta, Ungaria \u00een cadrul \u201cCentre for Energy Research\u201d, (EK MFA) coordonat de ing. Ill\u00e9s Levente, pentru deprinderea [&hellip;]","og_url":"https:\/\/icia.ro\/mc047\/","og_site_name":"INCDO INOE 2000 ICIA","article_modified_time":"2025-01-10T10:00:26+00:00","twitter_card":"summary_large_image","twitter_misc":{"Est. reading time":"1 minute"},"schema":{"@context":"https:\/\/schema.org","@graph":[{"@type":"WebPage","@id":"https:\/\/icia.ro\/mc047\/","url":"https:\/\/icia.ro\/mc047\/","name":"Mobilitate cercetator MC47 - INCDO INOE 2000 ICIA","isPartOf":{"@id":"https:\/\/icia.ro\/#website"},"datePublished":"2024-12-18T12:39:49+00:00","dateModified":"2025-01-10T10:00:26+00:00","breadcrumb":{"@id":"https:\/\/icia.ro\/mc047\/#breadcrumb"},"inLanguage":"en-US","potentialAction":[{"@type":"ReadAction","target":["https:\/\/icia.ro\/mc047\/"]}]},{"@type":"BreadcrumbList","@id":"https:\/\/icia.ro\/mc047\/#breadcrumb","itemListElement":[{"@type":"ListItem","position":1,"name":"Acas\u0103","item":"https:\/\/icia.ro\/"},{"@type":"ListItem","position":2,"name":"Mobilitate cercetator MC047"}]},{"@type":"WebSite","@id":"https:\/\/icia.ro\/#website","url":"https:\/\/icia.ro\/","name":"INCDO INOE 2000 ICIA","description":"Institutul de Cercetari pentru Instrumentatie Analitica","potentialAction":[{"@type":"SearchAction","target":{"@type":"EntryPoint","urlTemplate":"https:\/\/icia.ro\/?s={search_term_string}"},"query-input":"required name=search_term_string"}],"inLanguage":"en-US"}]}},"_links":{"self":[{"href":"https:\/\/icia.ro\/en\/wp-json\/wp\/v2\/pages\/72956"}],"collection":[{"href":"https:\/\/icia.ro\/en\/wp-json\/wp\/v2\/pages"}],"about":[{"href":"https:\/\/icia.ro\/en\/wp-json\/wp\/v2\/types\/page"}],"author":[{"embeddable":true,"href":"https:\/\/icia.ro\/en\/wp-json\/wp\/v2\/users\/1"}],"replies":[{"embeddable":true,"href":"https:\/\/icia.ro\/en\/wp-json\/wp\/v2\/comments?post=72956"}],"version-history":[{"count":4,"href":"https:\/\/icia.ro\/en\/wp-json\/wp\/v2\/pages\/72956\/revisions"}],"predecessor-version":[{"id":72979,"href":"https:\/\/icia.ro\/en\/wp-json\/wp\/v2\/pages\/72956\/revisions\/72979"}],"wp:attachment":[{"href":"https:\/\/icia.ro\/en\/wp-json\/wp\/v2\/media?parent=72956"}],"curies":[{"name":"wp","href":"https:\/\/api.w.org\/{rel}","templated":true}]}}