{"id":72958,"date":"2024-12-18T14:40:23","date_gmt":"2024-12-18T12:40:23","guid":{"rendered":"https:\/\/icia.ro\/?page_id=72958"},"modified":"2024-12-19T12:46:18","modified_gmt":"2024-12-19T10:46:18","slug":"mc131","status":"publish","type":"page","link":"https:\/\/icia.ro\/en\/mc131\/","title":{"rendered":"Mobilitate cercetator MC131"},"content":{"rendered":"<p><strong>Titlu poriect<\/strong>: Mobilitate cercetator Erika Andrea Levei<br \/>\n<strong>Nr Contract<\/strong>: MC131\/08\/11\/2024<br \/>\n<strong>Domeniul \u0219tiin\u021bific<\/strong>: \u0218tiin\u021bele p\u0103m\u00e2ntului \u0219i atmosferei<br \/>\n<strong>Tipul m\u0103surii de sprijin<\/strong>: Stagiu de preg\u0103tire<br \/>\n<strong>Durat<\/strong>a: 10-20.11.2024<\/p>\n<p><strong>Scop proiect.<\/strong>\u00a0Proiectul are ca scop efectuarea unui stagiu de preg\u0103tire de 10 zile la <em>Departamentul de Biotehnologia Mediului, Facultatea de Energie \u0219i Ingineria Mediului, Silesian University of Tehnology, Gliwice, Polonia<\/em> pentru \u00eenv\u0103\u021barea de noi tehnici analitice de caracterizare a compu\u0219ilor humici.<\/p>\n<p><strong>Impact proiect.<\/strong> Proiectul a permis ob\u021binerea de cuno\u0219tin\u021be teoretice \u0219i experien\u021b\u0103 practic\u0103 \u00een domeniul extrac\u021biei \u0219i caracteriz\u0103rii substan\u021belor humice prin diferite tehnici spectrometrice, reprezent\u00e2nd punctul de pornire \u00een dezvoltarea unei noi direc\u021bii de cercetare \u00een cadrul Institutului Na\u021bional de Cercetare Dezvoltare pentru Optoelectronic\u0103 INOE 2000, filiala Institutul de Cercet\u0103ri pentru Instrumenta\u021bie Analitic\u0103, Cluj-Napoca. Cuno\u0219tin\u021bele \u0219i experien\u021ba acumulate vor permite implementarea unor metode de separare \u0219i analiz\u0103 a compu\u0219ilor humici precum \u0219i o mai bun\u0103 utilizare a echipamentelor existente \u00een cadrul ICIA Cluj-Napoca. Stagiul a reprezentat, de asemenea, ocazia de a lucra \u00eentr-un colectiv cu experien\u021b\u0103 \u00een domeniul substan\u021belor humice, colectiv cu care vom continua colaborarea \u0219i \u00een viitor.<\/p>\n<p><strong>Date de contact<\/strong><br \/>\nDirector de proiect<br \/>\nCS I Dr. Erika Levei<br \/>\nStr. Donath nr. 67, Cluj-Napoca, Romania<br \/>\nE-mail: erika.levei@icia.ro; icia@icia.ro<br \/>\nTel\/Fax: +40 264 420590 \/ +40 264 420667<\/p>\n","protected":false},"excerpt":{"rendered":"<p>Titlu poriect: Mobilitate cercetator Erika Andrea Levei Nr Contract: MC131\/08\/11\/2024 Domeniul \u0219tiin\u021bific: \u0218tiin\u021bele p\u0103m\u00e2ntului \u0219i atmosferei Tipul m\u0103surii de sprijin: Stagiu de preg\u0103tire Durata: 10-20.11.2024 Scop proiect.\u00a0Proiectul are ca scop efectuarea unui stagiu de preg\u0103tire de 10 zile la Departamentul de Biotehnologia Mediului, Facultatea de Energie \u0219i Ingineria Mediului, Silesian University of Tehnology, Gliwice, Polonia [&hellip;]<\/p>\n","protected":false},"author":1,"featured_media":0,"parent":0,"menu_order":0,"comment_status":"closed","ping_status":"closed","template":"","meta":[],"acf":[],"yoast_head":"<!-- This site is optimized with the Yoast SEO plugin v20.9 - https:\/\/yoast.com\/wordpress\/plugins\/seo\/ -->\n<title>Mobilitate cercetator MC131 - INCDO INOE 2000 ICIA<\/title>\n<meta name=\"robots\" content=\"index, follow, max-snippet:-1, max-image-preview:large, max-video-preview:-1\" \/>\n<link rel=\"canonical\" href=\"https:\/\/icia.ro\/mc131\/\" \/>\n<meta property=\"og:locale\" content=\"en_US\" \/>\n<meta property=\"og:type\" content=\"article\" \/>\n<meta property=\"og:title\" content=\"Mobilitate cercetator MC131 - INCDO INOE 2000 ICIA\" \/>\n<meta property=\"og:description\" content=\"Titlu poriect: Mobilitate cercetator Erika Andrea Levei Nr Contract: MC131\/08\/11\/2024 Domeniul \u0219tiin\u021bific: \u0218tiin\u021bele p\u0103m\u00e2ntului \u0219i atmosferei Tipul m\u0103surii de sprijin: Stagiu de preg\u0103tire Durata: 10-20.11.2024 Scop proiect.\u00a0Proiectul are ca scop efectuarea unui stagiu de preg\u0103tire de 10 zile la Departamentul de Biotehnologia Mediului, Facultatea de Energie \u0219i Ingineria Mediului, Silesian University of Tehnology, Gliwice, Polonia [&hellip;]\" \/>\n<meta property=\"og:url\" content=\"https:\/\/icia.ro\/mc131\/\" \/>\n<meta property=\"og:site_name\" content=\"INCDO INOE 2000 ICIA\" \/>\n<meta property=\"article:modified_time\" content=\"2024-12-19T10:46:18+00:00\" \/>\n<meta name=\"twitter:card\" content=\"summary_large_image\" \/>\n<meta name=\"twitter:label1\" content=\"Est. reading time\" \/>\n\t<meta name=\"twitter:data1\" content=\"2 minutes\" \/>\n<script type=\"application\/ld+json\" class=\"yoast-schema-graph\">{\"@context\":\"https:\/\/schema.org\",\"@graph\":[{\"@type\":\"WebPage\",\"@id\":\"https:\/\/icia.ro\/mc131\/\",\"url\":\"https:\/\/icia.ro\/mc131\/\",\"name\":\"Mobilitate cercetator MC131 - INCDO INOE 2000 ICIA\",\"isPartOf\":{\"@id\":\"https:\/\/icia.ro\/#website\"},\"datePublished\":\"2024-12-18T12:40:23+00:00\",\"dateModified\":\"2024-12-19T10:46:18+00:00\",\"breadcrumb\":{\"@id\":\"https:\/\/icia.ro\/mc131\/#breadcrumb\"},\"inLanguage\":\"en-US\",\"potentialAction\":[{\"@type\":\"ReadAction\",\"target\":[\"https:\/\/icia.ro\/mc131\/\"]}]},{\"@type\":\"BreadcrumbList\",\"@id\":\"https:\/\/icia.ro\/mc131\/#breadcrumb\",\"itemListElement\":[{\"@type\":\"ListItem\",\"position\":1,\"name\":\"Acas\u0103\",\"item\":\"https:\/\/icia.ro\/\"},{\"@type\":\"ListItem\",\"position\":2,\"name\":\"Mobilitate cercetator MC131\"}]},{\"@type\":\"WebSite\",\"@id\":\"https:\/\/icia.ro\/#website\",\"url\":\"https:\/\/icia.ro\/\",\"name\":\"INCDO INOE 2000 ICIA\",\"description\":\"Institutul de Cercetari pentru Instrumentatie Analitica\",\"potentialAction\":[{\"@type\":\"SearchAction\",\"target\":{\"@type\":\"EntryPoint\",\"urlTemplate\":\"https:\/\/icia.ro\/?s={search_term_string}\"},\"query-input\":\"required name=search_term_string\"}],\"inLanguage\":\"en-US\"}]}<\/script>\n<!-- \/ Yoast SEO plugin. -->","yoast_head_json":{"title":"Mobilitate cercetator MC131 - INCDO INOE 2000 ICIA","robots":{"index":"index","follow":"follow","max-snippet":"max-snippet:-1","max-image-preview":"max-image-preview:large","max-video-preview":"max-video-preview:-1"},"canonical":"https:\/\/icia.ro\/mc131\/","og_locale":"en_US","og_type":"article","og_title":"Mobilitate cercetator MC131 - INCDO INOE 2000 ICIA","og_description":"Titlu poriect: Mobilitate cercetator Erika Andrea Levei Nr Contract: MC131\/08\/11\/2024 Domeniul \u0219tiin\u021bific: \u0218tiin\u021bele p\u0103m\u00e2ntului \u0219i atmosferei Tipul m\u0103surii de sprijin: Stagiu de preg\u0103tire Durata: 10-20.11.2024 Scop proiect.\u00a0Proiectul are ca scop efectuarea unui stagiu de preg\u0103tire de 10 zile la Departamentul de Biotehnologia Mediului, Facultatea de Energie \u0219i Ingineria Mediului, Silesian University of Tehnology, Gliwice, Polonia [&hellip;]","og_url":"https:\/\/icia.ro\/mc131\/","og_site_name":"INCDO INOE 2000 ICIA","article_modified_time":"2024-12-19T10:46:18+00:00","twitter_card":"summary_large_image","twitter_misc":{"Est. reading time":"2 minutes"},"schema":{"@context":"https:\/\/schema.org","@graph":[{"@type":"WebPage","@id":"https:\/\/icia.ro\/mc131\/","url":"https:\/\/icia.ro\/mc131\/","name":"Mobilitate cercetator MC131 - INCDO INOE 2000 ICIA","isPartOf":{"@id":"https:\/\/icia.ro\/#website"},"datePublished":"2024-12-18T12:40:23+00:00","dateModified":"2024-12-19T10:46:18+00:00","breadcrumb":{"@id":"https:\/\/icia.ro\/mc131\/#breadcrumb"},"inLanguage":"en-US","potentialAction":[{"@type":"ReadAction","target":["https:\/\/icia.ro\/mc131\/"]}]},{"@type":"BreadcrumbList","@id":"https:\/\/icia.ro\/mc131\/#breadcrumb","itemListElement":[{"@type":"ListItem","position":1,"name":"Acas\u0103","item":"https:\/\/icia.ro\/"},{"@type":"ListItem","position":2,"name":"Mobilitate cercetator MC131"}]},{"@type":"WebSite","@id":"https:\/\/icia.ro\/#website","url":"https:\/\/icia.ro\/","name":"INCDO INOE 2000 ICIA","description":"Institutul de Cercetari pentru Instrumentatie Analitica","potentialAction":[{"@type":"SearchAction","target":{"@type":"EntryPoint","urlTemplate":"https:\/\/icia.ro\/?s={search_term_string}"},"query-input":"required name=search_term_string"}],"inLanguage":"en-US"}]}},"_links":{"self":[{"href":"https:\/\/icia.ro\/en\/wp-json\/wp\/v2\/pages\/72958"}],"collection":[{"href":"https:\/\/icia.ro\/en\/wp-json\/wp\/v2\/pages"}],"about":[{"href":"https:\/\/icia.ro\/en\/wp-json\/wp\/v2\/types\/page"}],"author":[{"embeddable":true,"href":"https:\/\/icia.ro\/en\/wp-json\/wp\/v2\/users\/1"}],"replies":[{"embeddable":true,"href":"https:\/\/icia.ro\/en\/wp-json\/wp\/v2\/comments?post=72958"}],"version-history":[{"count":4,"href":"https:\/\/icia.ro\/en\/wp-json\/wp\/v2\/pages\/72958\/revisions"}],"predecessor-version":[{"id":72967,"href":"https:\/\/icia.ro\/en\/wp-json\/wp\/v2\/pages\/72958\/revisions\/72967"}],"wp:attachment":[{"href":"https:\/\/icia.ro\/en\/wp-json\/wp\/v2\/media?parent=72958"}],"curies":[{"name":"wp","href":"https:\/\/api.w.org\/{rel}","templated":true}]}}