{"id":72960,"date":"2024-12-18T14:40:35","date_gmt":"2024-12-18T12:40:35","guid":{"rendered":"https:\/\/icia.ro\/?page_id=72960"},"modified":"2024-12-19T12:48:38","modified_gmt":"2024-12-19T10:48:38","slug":"mc161","status":"publish","type":"page","link":"https:\/\/icia.ro\/en\/mc161\/","title":{"rendered":"Mobilitate cercetator MC161"},"content":{"rendered":"<p><strong>Titlul proiectului<\/strong>: Mobilitate cercetator Anamaria Iulia Torok<br \/>\n<strong>Nr contract:<\/strong> MC 161 din 08\/11\/2024<br \/>\n<strong>Domeniul \u0219tiin\u021bific<\/strong>: \u0218tiin\u021ba Materialelor<br \/>\n<strong>Tipul m\u0103surii de sprijin<\/strong>: Stagiu de preg\u0103tire<br \/>\n<strong>Durata<\/strong>: 11-22.11.2024<\/p>\n<p>Scopul proiectului: perfec\u021bionarea \u0219i cre\u0219terea vizibilit\u0103\u021bii ca rezultat al unui stagiu de preg\u0103tire (de 11 zile) la Departamentul Process Ananlytical Chemistry, Environmental Technology Section, din cadrul Institute for Energy Technology, IFE, Kjeller, Norvegia. Stagiul a urm\u0103rit \u00eenv\u0103\u021barea \u0219i dezvoltarea de metode analitice pentru caracterizarea unor agen\u021bi de flota\u021bie, utiliz\u00e2nd tehnici de cromatografie lichid\u0103 ultraperformant\u0103 cuplat\u0103 cu spectrometrie de mas\u0103 de \u00eenalt\u0103 rezolu\u021bie (UPLC-HRMS), \u0219i de cromatografie lichid\u0103 ultraperformant\u0103 cuplat\u0103 cu detector de fluorescen\u021b\u0103 (UPLC-UV\/FLD).<\/p>\n<p>Impactul activit\u0103\u021bii: \u00cen cadrul stagiului de preg\u0103tire s-au ob\u021binut noi cuno\u0219tin\u021be \u0219i experien\u021b\u0103 \u00een domeniul: cromatografie lichid\u0103 ultraperformant\u0103 cuplat\u0103 cu detector de fluorescen\u021b\u0103, \u0219i cromatografie lichid\u0103 cuplat\u0103 cu spectrometrie de mas\u0103 de \u00eenalt\u0103 rezolu\u021bie. Stagiul de preg\u0103tire a reprezentat o oportunitate ca prin discu\u0163iile care au avut loc s\u0103 se stabileasc\u0103 \u015fi tematici comune pentru elaborarea unor proiecte complexe, \u00een colaborare, \u00eentre Institute for Energy Technology \u0219i INCDO-INOE 2000, filiala Institutul de Cercet\u0103ri pentru Instrumenta\u021bie Analitic\u0103, Cluj-Napoca pentru a fi depuse \u00een competi\u0163ii interna\u0163ionale. precum \u015fi fructificarea rezultatelor analitice \u00een articole \u00een colaborare efectiv\u0103.<\/p>\n<p>Stagiul a reprezentat o oportunitate real\u0103 pentru dezvoltarea unor noi metode analitice de determinare a substan\u021belor chimice din faz\u0103 apoas\u0103 utiliz\u00e2nd cromatografia lichid\u0103 cuplat\u0103 cu spectrometrie de \u00eenalt\u0103 rezolu\u021bie (UPLC-HRMS) \u0219i cromatografia lichid\u0103 ultraperformant\u0103 cuplat\u0103 cu detector de fluorescen\u021b\u0103 (UPLC-UV\/FLD) care vor putea fi implementate \u015fi cadrul laboratorului LAM ICIA, laborator acreditat RENAR, pe instrumentele de\u0163inute de institut.<\/p>\n<p><strong>Date de contact<\/strong><br \/>\nDirector de proiect<br \/>\nCS II Dr. Anamaria Iulia TOROK<br \/>\nStr. Donath nr. 67, Cluj-Napoca, Romania<br \/>\nE-mail: iuali.torok@icia.ro<\/p>\n","protected":false},"excerpt":{"rendered":"<p>Titlul proiectului: Mobilitate cercetator Anamaria Iulia Torok Nr contract: MC 161 din 08\/11\/2024 Domeniul \u0219tiin\u021bific: \u0218tiin\u021ba Materialelor Tipul m\u0103surii de sprijin: Stagiu de preg\u0103tire Durata: 11-22.11.2024 Scopul proiectului: perfec\u021bionarea \u0219i cre\u0219terea vizibilit\u0103\u021bii ca rezultat al unui stagiu de preg\u0103tire (de 11 zile) la Departamentul Process Ananlytical Chemistry, Environmental Technology Section, din cadrul Institute for Energy [&hellip;]<\/p>\n","protected":false},"author":1,"featured_media":0,"parent":0,"menu_order":0,"comment_status":"closed","ping_status":"closed","template":"","meta":[],"acf":[],"yoast_head":"<!-- This site is optimized with the Yoast SEO plugin v20.9 - https:\/\/yoast.com\/wordpress\/plugins\/seo\/ -->\n<title>Mobilitate cercetator MC161 - INCDO INOE 2000 ICIA<\/title>\n<meta name=\"robots\" content=\"index, follow, max-snippet:-1, max-image-preview:large, max-video-preview:-1\" \/>\n<link rel=\"canonical\" href=\"https:\/\/icia.ro\/mc161\/\" \/>\n<meta property=\"og:locale\" content=\"en_US\" \/>\n<meta property=\"og:type\" content=\"article\" \/>\n<meta property=\"og:title\" content=\"Mobilitate cercetator MC161 - INCDO INOE 2000 ICIA\" \/>\n<meta property=\"og:description\" content=\"Titlul proiectului: Mobilitate cercetator Anamaria Iulia Torok Nr contract: MC 161 din 08\/11\/2024 Domeniul \u0219tiin\u021bific: \u0218tiin\u021ba Materialelor Tipul m\u0103surii de sprijin: Stagiu de preg\u0103tire Durata: 11-22.11.2024 Scopul proiectului: perfec\u021bionarea \u0219i cre\u0219terea vizibilit\u0103\u021bii ca rezultat al unui stagiu de preg\u0103tire (de 11 zile) la Departamentul Process Ananlytical Chemistry, Environmental Technology Section, din cadrul Institute for Energy [&hellip;]\" \/>\n<meta property=\"og:url\" content=\"https:\/\/icia.ro\/mc161\/\" \/>\n<meta property=\"og:site_name\" content=\"INCDO INOE 2000 ICIA\" \/>\n<meta property=\"article:modified_time\" content=\"2024-12-19T10:48:38+00:00\" \/>\n<meta name=\"twitter:card\" content=\"summary_large_image\" \/>\n<meta name=\"twitter:label1\" content=\"Est. reading time\" \/>\n\t<meta name=\"twitter:data1\" content=\"2 minutes\" \/>\n<script type=\"application\/ld+json\" class=\"yoast-schema-graph\">{\"@context\":\"https:\/\/schema.org\",\"@graph\":[{\"@type\":\"WebPage\",\"@id\":\"https:\/\/icia.ro\/mc161\/\",\"url\":\"https:\/\/icia.ro\/mc161\/\",\"name\":\"Mobilitate cercetator MC161 - INCDO INOE 2000 ICIA\",\"isPartOf\":{\"@id\":\"https:\/\/icia.ro\/#website\"},\"datePublished\":\"2024-12-18T12:40:35+00:00\",\"dateModified\":\"2024-12-19T10:48:38+00:00\",\"breadcrumb\":{\"@id\":\"https:\/\/icia.ro\/mc161\/#breadcrumb\"},\"inLanguage\":\"en-US\",\"potentialAction\":[{\"@type\":\"ReadAction\",\"target\":[\"https:\/\/icia.ro\/mc161\/\"]}]},{\"@type\":\"BreadcrumbList\",\"@id\":\"https:\/\/icia.ro\/mc161\/#breadcrumb\",\"itemListElement\":[{\"@type\":\"ListItem\",\"position\":1,\"name\":\"Acas\u0103\",\"item\":\"https:\/\/icia.ro\/\"},{\"@type\":\"ListItem\",\"position\":2,\"name\":\"Mobilitate cercetator MC161\"}]},{\"@type\":\"WebSite\",\"@id\":\"https:\/\/icia.ro\/#website\",\"url\":\"https:\/\/icia.ro\/\",\"name\":\"INCDO INOE 2000 ICIA\",\"description\":\"Institutul de Cercetari pentru Instrumentatie Analitica\",\"potentialAction\":[{\"@type\":\"SearchAction\",\"target\":{\"@type\":\"EntryPoint\",\"urlTemplate\":\"https:\/\/icia.ro\/?s={search_term_string}\"},\"query-input\":\"required name=search_term_string\"}],\"inLanguage\":\"en-US\"}]}<\/script>\n<!-- \/ Yoast SEO plugin. -->","yoast_head_json":{"title":"Mobilitate cercetator MC161 - INCDO INOE 2000 ICIA","robots":{"index":"index","follow":"follow","max-snippet":"max-snippet:-1","max-image-preview":"max-image-preview:large","max-video-preview":"max-video-preview:-1"},"canonical":"https:\/\/icia.ro\/mc161\/","og_locale":"en_US","og_type":"article","og_title":"Mobilitate cercetator MC161 - INCDO INOE 2000 ICIA","og_description":"Titlul proiectului: Mobilitate cercetator Anamaria Iulia Torok Nr contract: MC 161 din 08\/11\/2024 Domeniul \u0219tiin\u021bific: \u0218tiin\u021ba Materialelor Tipul m\u0103surii de sprijin: Stagiu de preg\u0103tire Durata: 11-22.11.2024 Scopul proiectului: perfec\u021bionarea \u0219i cre\u0219terea vizibilit\u0103\u021bii ca rezultat al unui stagiu de preg\u0103tire (de 11 zile) la Departamentul Process Ananlytical Chemistry, Environmental Technology Section, din cadrul Institute for Energy [&hellip;]","og_url":"https:\/\/icia.ro\/mc161\/","og_site_name":"INCDO INOE 2000 ICIA","article_modified_time":"2024-12-19T10:48:38+00:00","twitter_card":"summary_large_image","twitter_misc":{"Est. reading time":"2 minutes"},"schema":{"@context":"https:\/\/schema.org","@graph":[{"@type":"WebPage","@id":"https:\/\/icia.ro\/mc161\/","url":"https:\/\/icia.ro\/mc161\/","name":"Mobilitate cercetator MC161 - INCDO INOE 2000 ICIA","isPartOf":{"@id":"https:\/\/icia.ro\/#website"},"datePublished":"2024-12-18T12:40:35+00:00","dateModified":"2024-12-19T10:48:38+00:00","breadcrumb":{"@id":"https:\/\/icia.ro\/mc161\/#breadcrumb"},"inLanguage":"en-US","potentialAction":[{"@type":"ReadAction","target":["https:\/\/icia.ro\/mc161\/"]}]},{"@type":"BreadcrumbList","@id":"https:\/\/icia.ro\/mc161\/#breadcrumb","itemListElement":[{"@type":"ListItem","position":1,"name":"Acas\u0103","item":"https:\/\/icia.ro\/"},{"@type":"ListItem","position":2,"name":"Mobilitate cercetator MC161"}]},{"@type":"WebSite","@id":"https:\/\/icia.ro\/#website","url":"https:\/\/icia.ro\/","name":"INCDO INOE 2000 ICIA","description":"Institutul de Cercetari pentru Instrumentatie Analitica","potentialAction":[{"@type":"SearchAction","target":{"@type":"EntryPoint","urlTemplate":"https:\/\/icia.ro\/?s={search_term_string}"},"query-input":"required name=search_term_string"}],"inLanguage":"en-US"}]}},"_links":{"self":[{"href":"https:\/\/icia.ro\/en\/wp-json\/wp\/v2\/pages\/72960"}],"collection":[{"href":"https:\/\/icia.ro\/en\/wp-json\/wp\/v2\/pages"}],"about":[{"href":"https:\/\/icia.ro\/en\/wp-json\/wp\/v2\/types\/page"}],"author":[{"embeddable":true,"href":"https:\/\/icia.ro\/en\/wp-json\/wp\/v2\/users\/1"}],"replies":[{"embeddable":true,"href":"https:\/\/icia.ro\/en\/wp-json\/wp\/v2\/comments?post=72960"}],"version-history":[{"count":2,"href":"https:\/\/icia.ro\/en\/wp-json\/wp\/v2\/pages\/72960\/revisions"}],"predecessor-version":[{"id":72969,"href":"https:\/\/icia.ro\/en\/wp-json\/wp\/v2\/pages\/72960\/revisions\/72969"}],"wp:attachment":[{"href":"https:\/\/icia.ro\/en\/wp-json\/wp\/v2\/media?parent=72960"}],"curies":[{"name":"wp","href":"https:\/\/api.w.org\/{rel}","templated":true}]}}